{"id":715,"date":"2020-05-06T13:10:11","date_gmt":"2020-05-06T13:10:11","guid":{"rendered":"http:\/\/cr.valuatum.com\/?page_id=715"},"modified":"2023-10-19T10:26:44","modified_gmt":"2023-10-19T07:26:44","slug":"pricing","status":"publish","type":"page","link":"https:\/\/creditreports.dk\/da\/priser\/","title":{"rendered":"Priser"},"content":{"rendered":"<div class=\"alignfull wp-block-ugb-feature ugb-feature ugb-3a7501e ugb-feature--v2 ugb-feature--design-basic ugb-feature--invert ugb-main-block ugb-main-block--inner-wide ugb--has-block-background\"><div class=\"ugb-inner-block ugb-inner-block--wide\"><div class=\"ugb-block-content\"><div class=\"ugb-feature__item ugb--shadow-5 ugb--has-background-overlay\"><div class=\"ugb-feature__content\"><h2 class=\"ugb-feature__title\">Gratis ubegr\u00e6nsede rapporter<\/h2><p class=\"ugb-feature__description\">CreditReports.dk-platformen er i en beta-fase, hvor vi tilbyder fuld adgang til systemet gratis. Tilmeld dig nu og begynd at tage bedre kreditbeslutninger!<\/p><div class=\"ugb-button-container\"><a class=\"ugb-button ugb-button--size-large ugb--hover-effect-lift-scale\" href=\"https:\/\/platform.creditreports.dk\/AspAndUserCreation.action?templateAspQueryKey=CreditAnalysis\" target=\"_blank\" rel=\"noopener noreferrer\" title=\"\"><span class=\"ugb-button--inner\">Tilmeld dig nu<\/span><\/a><\/div><\/div><div class=\"ugb-feature__image-side\"><img decoding=\"async\" class=\"ugb-feature__image ugb-img wp-image-1996 ugb-image--shape-stretch\" src=\"https:\/\/creditreports.dk\/wp-content\/uploads\/sites\/9\/2021\/07\/new_computer_report_collage_updated.png\" alt=\"\" title=\"\" height=\"511\" srcset=\"https:\/\/creditreports.dk\/wp-content\/uploads\/sites\/9\/2021\/07\/new_computer_report_collage_updated.png 1024w, https:\/\/creditreports.dk\/wp-content\/uploads\/sites\/9\/2021\/07\/new_computer_report_collage_updated-300x150.png 300w, https:\/\/creditreports.dk\/wp-content\/uploads\/sites\/9\/2021\/07\/new_computer_report_collage_updated-768x383.png 768w\" sizes=\"(max-width: 1024px) 100vw, 1024px\" \/><\/div><\/div><\/div><\/div><\/div>\n\n\n\n<div class=\"alignfull wp-block-ugb-container ugb-container ugb-container--width-small ugb-453677a ugb-container--v2 ugb-container--design-plain ugb-main-block ugb-main-block--inner-wide ugb--has-block-background\"><div class=\"ugb-inner-block ugb-inner-block--wide\"><div class=\"ugb-block-content\"><div class=\"ugb-container__wrapper ugb-453677a-wrapper\"><div class=\"ugb-container__side\"><div class=\"ugb-container__content-wrapper ugb-453677a-content-wrapper\">\n<div class=\"wp-block-advgb-infobox advgb-infobox-wrapper has-text-align-center advgb-infobox-8967e7e7-5738-4de8-8e27-b84bd04449c4\"><div class=\"advgb-infobox-wrap\"><div class=\"advgb-infobox-icon-container\"><div class=\"advgb-infobox-icon-inner-container\"><i class=\"material-icons-outlined\">tildelingsside<\/i><\/div><\/div><div class=\"advgb-infobox-textcontent\"><h3 class=\"advgb-infobox-title\"><\/h3><p class=\"advgb-infobox-text\">I l\u00f8bet af beta-fasen har du gratis adgang til ubegr\u00e6nsede kreditrapporter. Alt du skal g\u00f8re er at tilmelde dig, og du er klar!<br>I fremtiden vil vi introducere flere abonnementsplaner samt mulighed for at k\u00f8be individuelle rapporter. Men selv da <strong><span class=\"has-inline-color has-very-dark-gray-color\">vil du altid modtage tre rapporter gratis hver m\u00e5ned!<\/span><\/strong><span style=\"color:#1b882a\" class=\"has-inline-color\"><strong> <\/strong><\/span><br><br>Vi s\u00e6tter pris p\u00e5 al den feedback, vi kan f\u00e5, s\u00e5 kontakt os, hvis du st\u00f8der p\u00e5 problemer eller har anmodninger om en funktion!<\/p><\/div><\/div><\/div>\n\n\n\n<div class=\"wp-block-ugb-button ugb-button-wrapper ugb-57237ba ugb-button--design-fullwidth ugb-main-block ugb--has-custom-content-width\"><div class=\"ugb-inner-block\"><div class=\"ugb-block-content\"><div class=\"ugb-button-container\"><a class=\"ugb-button1 ugb-button ugb-button--size-normal\" href=\"https:\/\/creditreports.dk\/da\/contact\/\" rel=\"\" title=\"\"><span class=\"ugb-button--inner\">Kontakt os<\/span><\/a><\/div><div class=\"ugb-button-container\"><a class=\"ugb-button2 ugb-button ugb-button--size-normal\" href=\"https:\/\/creditreports.dk\/wp-content\/uploads\/sites\/9\/2020\/07\/new_sample_report.pdf\" target=\"_blank\" rel=\"noopener noreferrer\" title=\"\"><span class=\"ugb-button--inner\">Se pr\u00f8verapport<\/span><\/a><\/div><\/div><\/div><\/div>\n<\/div><\/div><\/div><\/div><\/div><\/div>\n\n\n\n<div class=\"alignfull wp-block-ugb-container ugb-container ugb-container--width-small ugb-c97d60c ugb-container--v2 ugb-container--design-basic ugb-main-block ugb-main-block--inner-wide ugb--has-block-background\"><div class=\"ugb-inner-block ugb-inner-block--wide\"><div class=\"ugb-block-content\"><div class=\"ugb-container__wrapper ugb-c97d60c-wrapper\"><div class=\"ugb-container__side\"><div class=\"ugb-container__content-wrapper ugb-c97d60c-content-wrapper\">\n<h2 class=\"wp-block-heading advgb-dyn-f01623d6\" data-block-type=\"core\"><strong>Future pricing plans<\/strong><\/h2>\n\n\n\n<p data-block-type=\"core\">Efter beta-fasen introducerer vi overkommelige prisplaner. Vi har designet flere muligheder, s\u00e5 alles behov bliver opfyldt. Men hvis du \u00f8nsker en tilpasset plan, s\u00e5 t\u00f8v ikke med at <a href=\"https:\/\/creditreports.dk\/da\/contact\/\">kontakte os<\/a>. Vi forhandler gerne om en l\u00f8sning, der er tilfredsstillende for dig.  <\/p>\n\n\n\n<div class=\"alignfull wp-block-ugb-pricing-box ugb-pricing-box ugb-8baa01d ugb-pricing-box--v3 ugb-pricing-box--columns-2 ugb-pricing-box--design-basic ugb-main-block ugb--has-custom-content-width-tablet ugb--has-custom-content-width-mobile ugb-main-block--inner-wide ugb--has-block-background\"><div class=\"ugb-inner-block ugb-inner-block--wide\"><h2 class=\"ugb-block-title\">Individuelle virksomheder<\/h2><div class=\"ugb-block-content\"><div class=\"ugb-pricing-box__item ugb-pricing-box__item1 ugb--shadow-2\"><h2 class=\"ugb-pricing-box__title\">3 virksomheder<\/h2><div class=\"ugb-pricing-box__price-wrapper\"><div class=\"ugb-pricing-box__price-line\"><span class=\"ugb-pricing-box__price-prefix\">\u20ac<\/span><span class=\"ugb-pricing-box__price\">0<\/span><span class=\"ugb-pricing-box__price-suffix\">.00<\/span><\/div><\/div><p class=\"ugb-pricing-box__subprice\">Pr. m\u00e5ned<\/p><p class=\"ugb-pricing-box__description\">Hver m\u00e5ned f\u00e5r du adgang til tre virksomheder, du v\u00e6lger <strong>gratis.<\/strong> <\/p><\/div><div class=\"ugb-pricing-box__item ugb-pricing-box__item2 ugb--shadow-2\"><h2 class=\"ugb-pricing-box__title\">Ekstra virksomheder<\/h2><div class=\"ugb-pricing-box__price-wrapper\"><div class=\"ugb-pricing-box__price-line\"><span class=\"ugb-pricing-box__price-prefix\">\u20ac<\/span><span class=\"ugb-pricing-box__price\">8<\/span><span class=\"ugb-pricing-box__price-suffix\">.00<\/span><\/div><\/div><p class=\"ugb-pricing-box__subprice\">pr. virksomhed<\/p><p class=\"ugb-pricing-box__description\">Ud over tre gratis m\u00e5nedlige virksomheder har du mulighed for at k\u00f8be adgang til individuelle virksomheder.<\/p><\/div><\/div><\/div><\/div>\n\n\n\n<div class=\"alignfull wp-block-ugb-pricing-box ugb-pricing-box ugb-7fc0242 ugb-pricing-box--v3 ugb-pricing-box--columns-3 ugb-pricing-box--design-basic ugb-main-block ugb--has-custom-content-width-tablet ugb--has-custom-content-width-mobile ugb-main-block--inner-wide ugb--has-block-background\"><div class=\"ugb-inner-block ugb-inner-block--wide\"><h2 class=\"ugb-block-title\">30-dages planer<\/h2><div class=\"ugb-block-content\"><div class=\"ugb-pricing-box__item ugb-pricing-box__item1 ugb--shadow-2\"><h2 class=\"ugb-pricing-box__title\">30 virksomheder<\/h2><div class=\"ugb-pricing-box__price-wrapper\"><div class=\"ugb-pricing-box__price-line\"><span class=\"ugb-pricing-box__price-prefix\">\u20ac<\/span><span class=\"ugb-pricing-box__price\">150<\/span><span class=\"ugb-pricing-box__price-suffix\">.00<\/span><\/div><\/div><p class=\"ugb-pricing-box__subprice\">Gyldig i 30 dage<\/p><p class=\"ugb-pricing-box__description\">Download data til 30 virksomheder over en 30-dages periode.<\/p><\/div><div class=\"ugb-pricing-box__item ugb-pricing-box__item2 ugb--shadow-2\"><h2 class=\"ugb-pricing-box__title\">60 virksomheder<\/h2><div class=\"ugb-pricing-box__price-wrapper\"><div class=\"ugb-pricing-box__price-line\"><span class=\"ugb-pricing-box__price-prefix\">\u20ac<\/span><span class=\"ugb-pricing-box__price\">250<\/span><span class=\"ugb-pricing-box__price-suffix\">.00<\/span><\/div><\/div><p class=\"ugb-pricing-box__subprice\">Gyldig i 30 dage<\/p><p class=\"ugb-pricing-box__description\">Download data for 60 virksomheder over en 30-dages periode.<\/p><\/div><div class=\"ugb-pricing-box__item ugb-pricing-box__item3 ugb--shadow-2\"><h2 class=\"ugb-pricing-box__title\">Ubegr\u00e6nset<\/h2><div class=\"ugb-pricing-box__price-wrapper\"><div class=\"ugb-pricing-box__price-line\"><span class=\"ugb-pricing-box__price-prefix\">\u20ac<\/span><span class=\"ugb-pricing-box__price\">500<\/span><span class=\"ugb-pricing-box__price-suffix\">.00<\/span><\/div><\/div><p class=\"ugb-pricing-box__subprice\">gyldig i 30 dage<\/p><p class=\"ugb-pricing-box__description\">Ubegr\u00e6nset adgang til systemet i 30 dage.<br>  <br><\/p><\/div><\/div><\/div><\/div>\n<\/div><\/div><\/div><\/div><\/div><\/div>\n\n\n\n<p data-block-type=\"core\"><\/p>\n<style class=\"advgb-styles-renderer\">.ugb-3a7501e .ugb-feature__item{border-radius:0px !important;background-color:#cdfbf9 !important}.ugb-3a7501e .ugb-feature__item:before{background-image:linear-gradient(90deg,#cdfbf9 0%,#99a8f5 100%) !important}.ugb-3a7501e .ugb-img{border-radius:11px}.ugb-3a7501e .ugb-feature__title{font-weight:500 !important;color:#436417;margin-bottom:10px !important}.ugb-3a7501e .ugb-feature__description{margin-bottom:25px !important}.ugb-3a7501e .ugb-button .ugb-button--inner{font-size:21px !important}.ugb-3a7501e .ugb-button{background-color:#0693e3;padding-right:53px;padding-left:53px;border-radius:100px !important}.ugb-3a7501e .ugb-button .ugb-button--inner,.ugb-3a7501e .ugb-button svg:not(.ugb-custom-icon){color:#ffffff !important}.ugb-3a7501e .ugb-button:before{border-radius:100px !important}.ugb-3a7501e .ugb-button-container{margin-bottom:19px !important}.ugb-3a7501e .ugb-inner-block{text-align:left}.ugb-3a7501e.ugb-feature{justify-content:center;background-attachment:fixed}.ugb-3a7501e{padding:0 !important}@media screen and (min-width:768px){.ugb-3a7501e .ugb-feature__item{grid-template-columns:1.10fr 0.90fr !important}.ugb-3a7501e .ugb-img{border-radius:11px;width:1024px;height:auto !important}.ugb-3a7501e.ugb-feature{padding-top:0px !important;padding-bottom:0px !important;padding-left:0px !important}}@media screen and (max-width:768px){.ugb-3a7501e .ugb-button-container{text-align:center !important}}.ugb-453677a{padding:0 !important}#advgb-infobox-8967e7e7-5738-4de8-8e27-b84bd04449c4, .advgb-infobox-8967e7e7-5738-4de8-8e27-b84bd04449c4 {background-color: #eeeeee;padding: 20px 20px 20px 20px;border: 3px solid #313131;border-radius: 6px;}#advgb-infobox-8967e7e7-5738-4de8-8e27-b84bd04449c4 .advgb-infobox-icon-container, .advgb-infobox-8967e7e7-5738-4de8-8e27-b84bd04449c4 .advgb-infobox-icon-container {background-color: #eeeeee;padding: 0;margin: 0;border: 0px solid #e8e8e8 ;border-radius: 0px;}#advgb-infobox-8967e7e7-5738-4de8-8e27-b84bd04449c4 .advgb-infobox-icon-container i, .advgb-infobox-8967e7e7-5738-4de8-8e27-b84bd04449c4 .advgb-infobox-icon-container i {color: #313131;font-size: 70px;display: block;}#advgb-infobox-8967e7e7-5738-4de8-8e27-b84bd04449c4 .advgb-infobox-textcontent .advgb-infobox-title, .advgb-infobox-8967e7e7-5738-4de8-8e27-b84bd04449c4 .advgb-infobox-textcontent .advgb-infobox-title {color: #333;padding: 0;margin: 5px 0 10px 0;white-space: pre-wrap;}#advgb-infobox-8967e7e7-5738-4de8-8e27-b84bd04449c4 .advgb-infobox-textcontent .advgb-infobox-text, .advgb-infobox-8967e7e7-5738-4de8-8e27-b84bd04449c4 .advgb-infobox-textcontent .advgb-infobox-text {color: #333;padding: 0;margin: 0;white-space: pre-wrap;}.ugb-57237ba.ugb-button-wrapper > .ugb-inner-block{max-width:425px !important}#advgb-infobox-8967e7e7-5738-4de8-8e27-b84bd04449c4, .advgb-infobox-8967e7e7-5738-4de8-8e27-b84bd04449c4 {background-color: #eeeeee;padding: 20px 20px 20px 20px;border: 3px solid #313131;border-radius: 6px;}#advgb-infobox-8967e7e7-5738-4de8-8e27-b84bd04449c4 .advgb-infobox-icon-container, .advgb-infobox-8967e7e7-5738-4de8-8e27-b84bd04449c4 .advgb-infobox-icon-container {background-color: #eeeeee;padding: 0;margin: 0;border: 0px solid #e8e8e8 ;border-radius: 0px;}#advgb-infobox-8967e7e7-5738-4de8-8e27-b84bd04449c4 .advgb-infobox-icon-container i, .advgb-infobox-8967e7e7-5738-4de8-8e27-b84bd04449c4 .advgb-infobox-icon-container i {color: #313131;font-size: 70px;display: block;}#advgb-infobox-8967e7e7-5738-4de8-8e27-b84bd04449c4 .advgb-infobox-textcontent .advgb-infobox-title, .advgb-infobox-8967e7e7-5738-4de8-8e27-b84bd04449c4 .advgb-infobox-textcontent .advgb-infobox-title {color: #333;padding: 0;margin: 5px 0 10px 0;white-space: pre-wrap;}#advgb-infobox-8967e7e7-5738-4de8-8e27-b84bd04449c4 .advgb-infobox-textcontent .advgb-infobox-text, .advgb-infobox-8967e7e7-5738-4de8-8e27-b84bd04449c4 .advgb-infobox-textcontent .advgb-infobox-text {color: #333;padding: 0;margin: 0;white-space: pre-wrap;}.ugb-c97d60c-wrapper.ugb-container__wrapper{background-color:#eeeeee !important}.ugb-c97d60c-wrapper.ugb-container__wrapper:before{background-color:#eeeeee !important}.ugb-c97d60c-content-wrapper > h1,.ugb-c97d60c-content-wrapper > h2,.ugb-c97d60c-content-wrapper > h3,.ugb-c97d60c-content-wrapper > h4,.ugb-c97d60c-content-wrapper > h5,.ugb-c97d60c-content-wrapper > h6{color:#222222}.ugb-c97d60c-content-wrapper > p,.ugb-c97d60c-content-wrapper > ol li,.ugb-c97d60c-content-wrapper > ul li{color:#222222}.ugb-c97d60c.ugb-container{background-color:#ffffff}.ugb-c97d60c{padding:0 !important}.ugb-c97d60c.ugb-container:before{background-color:#ffffff}.ugb-8baa01d .ugb-pricing-box__item{border-radius:0px !important}.ugb-8baa01d .ugb-pricing-box__title{text-align:left}.ugb-8baa01d .ugb-pricing-box__price-line{justify-content:flex-start !important}.ugb-8baa01d .ugb-pricing-box__subprice{color:#acacac !important;text-align:left}.ugb-8baa01d .ugb-pricing-box__description{text-align:left !important}.ugb-8baa01d .ugb-inner-block{text-align:left}.ugb-8baa01d{padding:0 !important}.ugb-8baa01d .ugb-block-title{font-size:40px !important;color:#32772f;margin-bottom:10px !important}@media screen and (max-width:1025px){.ugb-8baa01d.ugb-pricing-box > .ugb-inner-block{min-width:auto !important;max-width:80% !important}}@media screen and (max-width:768px){.ugb-8baa01d.ugb-pricing-box > .ugb-inner-block{min-width:auto !important;max-width:90% !important}}.ugb-7fc0242 .ugb-pricing-box__item{border-radius:0px !important}.ugb-7fc0242 .ugb-pricing-box__title{text-align:left}.ugb-7fc0242 .ugb-pricing-box__price-line{justify-content:flex-start !important}.ugb-7fc0242 .ugb-pricing-box__subprice{color:#acacac !important;text-align:left}.ugb-7fc0242 .ugb-pricing-box__description{text-align:left !important}.ugb-7fc0242 .ugb-inner-block{text-align:left}.ugb-7fc0242{padding:0 !important}.ugb-7fc0242 .ugb-block-title{font-size:40px !important;color:#32772f;margin-bottom:10px !important}@media screen and (min-width:768px){.ugb-7fc0242.ugb-pricing-box{padding-top:50px !important}}@media screen and (max-width:1025px){.ugb-7fc0242.ugb-pricing-box > .ugb-inner-block{min-width:auto !important;max-width:80% !important}}@media screen and (max-width:768px){.ugb-7fc0242.ugb-pricing-box > .ugb-inner-block{min-width:auto !important;max-width:90% !important}}<\/style>","protected":false},"excerpt":{"rendered":"<p>Unlimited reports for free CreditReports.dk platform is in beta phase, during which we will offer full access to the system free of charge. Register now and start making better credit decisions! Register now Contact us View sample report Future pricing plans After the beta phase we will introduce affordable pricing plans. We have designed several options so that everyone&#8217;s needs will be met. However, if you would like a customized plan, don&#8217;t hesitate to contact us. We would be happy&hellip;<\/p>","protected":false},"author":1,"featured_media":0,"parent":0,"menu_order":0,"comment_status":"closed","ping_status":"closed","template":"","meta":{"om_disable_all_campaigns":false,"advgb_blocks_editor_width":"","advgb_blocks_columns_visual_guide":"","_monsterinsights_skip_tracking":false,"_monsterinsights_sitenote_active":false,"_monsterinsights_sitenote_note":"","_monsterinsights_sitenote_category":0,"footnotes":""},"class_list":["post-715","page","type-page","status-publish","hentry"],"aioseo_notices":[],"featured_image_urls_v2":{"full":"","thumbnail":"","medium":"","medium_large":"","large":"","1536x1536":"","2048x2048":"","trp-custom-language-flag":"","portfolio":""},"post_excerpt_stackable_v2":"<p>Unlimited reports for freeCreditReports.dk platform is in beta phase, during which we will offer full access to the system free of charge. Register now and start making better credit decisions!Register now assignment_lateDuring the beta phase you will have access to unlimited credit reports free of charge. All you have to do is register and you are good to go!In the future we will introduce several subscription plans as well as an option to purchase individual reports. However, even then you will always receive three reports for free each month! We appreciate all the feedback we can get so please contact&hellip;<\/p>\n","category_list_v2":"","author_info_v2":{"name":"valuatum","url":"https:\/\/creditreports.dk\/da\/author\/valuatum\/"},"comments_num_v2":"0 comments","coauthors":[],"author_meta":{"author_link":"https:\/\/creditreports.dk\/da\/author\/valuatum\/","display_name":"valuatum"},"relative_dates":{"created":"Udgivet 6 \u00e5r siden","modified":"Opdateret 3 \u00e5r siden"},"absolute_dates":{"created":"Udgivet maj 6, 2020","modified":"Opdateret oktober 19, 2023"},"absolute_dates_time":{"created":"Udgivet maj 6, 2020 1:10 pm","modified":"Opdateret oktober 19, 2023 10:26 am"},"featured_img_caption":"","featured_img":false,"series_order":"","_links":{"self":[{"href":"https:\/\/creditreports.dk\/da\/wp-json\/wp\/v2\/pages\/715","targetHints":{"allow":["GET"]}}],"collection":[{"href":"https:\/\/creditreports.dk\/da\/wp-json\/wp\/v2\/pages"}],"about":[{"href":"https:\/\/creditreports.dk\/da\/wp-json\/wp\/v2\/types\/page"}],"author":[{"embeddable":true,"href":"https:\/\/creditreports.dk\/da\/wp-json\/wp\/v2\/users\/1"}],"replies":[{"embeddable":true,"href":"https:\/\/creditreports.dk\/da\/wp-json\/wp\/v2\/comments?post=715"}],"version-history":[{"count":11,"href":"https:\/\/creditreports.dk\/da\/wp-json\/wp\/v2\/pages\/715\/revisions"}],"predecessor-version":[{"id":2599,"href":"https:\/\/creditreports.dk\/da\/wp-json\/wp\/v2\/pages\/715\/revisions\/2599"}],"wp:attachment":[{"href":"https:\/\/creditreports.dk\/da\/wp-json\/wp\/v2\/media?parent=715"}],"curies":[{"name":"wp","href":"https:\/\/api.w.org\/{rel}","templated":true}]}}