{"id":2611,"date":"2023-12-28T12:32:13","date_gmt":"2023-12-28T09:32:13","guid":{"rendered":"https:\/\/creditreports.dk\/?page_id=2611"},"modified":"2024-10-09T16:30:54","modified_gmt":"2024-10-09T13:30:54","slug":"platform-tutorials","status":"publish","type":"page","link":"https:\/\/creditreports.dk\/da\/support\/platform-tutorials\/","title":{"rendered":"Platform tutorials"},"content":{"rendered":"<h1 class=\"wp-block-heading\" id=\"top\" data-block-type=\"core\">Platform tutorials<\/h1>\n\n\n\n<p data-block-type=\"core\">P\u00e5 denne side kan du finde b\u00e5de video- og tekstvejledninger om, hvordan du bruger vores <a href=\"https:\/\/platform.creditreports.dk\/Index.action\">platform<\/a>.<\/p>\n\n\n\n<hr class=\"wp-block-separator has-text-color has-alpha-channel-opacity has-background\" style=\"background-color:#d9d9d9;color:#d9d9d9\" id=\"download-credit-report\">\n\n\n\n<h2 class=\"wp-block-heading\" id=\"creditrating\" data-block-type=\"core\">Indhold<\/h2>\n\n\n\n<ul class=\"wp-block-list\" data-block-type=\"core\">\n<li data-block-type=\"core\"><a href=\"#download-credit-report\">S\u00e5dan downloader du kreditrisikoen eller vurderingsrapporten<\/a>\n<ul class=\"wp-block-list\" data-block-type=\"core\">\n<li data-block-type=\"core\"><a href=\"#report-video-instructions\">Video instruktioner<\/a><\/li>\n\n\n\n<li data-block-type=\"core\"><a href=\"#report-text-instructions\">Tekstinstruktioner<\/a><\/li>\n<\/ul>\n<\/li>\n\n\n\n<li data-block-type=\"core\"><a href=\"#find-company-title\">Hvad skal du g\u00f8re, hvis du ikke kan finde et firma<\/a>\n<ul class=\"wp-block-list\" data-block-type=\"core\">\n<li data-block-type=\"core\"><a href=\"#separator-find\">Video instruktioner<\/a><\/li>\n\n\n\n<li data-block-type=\"core\"><a href=\"#find-company-text-instructions\">Tekstinstruktioner<\/a><\/li>\n<\/ul>\n<\/li>\n\n\n\n<li data-block-type=\"core\"><a href=\"#howtovalue\">S\u00e5dan bruger du v\u00e6rdians\u00e6ttelsesv\u00e6rkt\u00f8jet<\/a>\n<ul class=\"wp-block-list\" data-block-type=\"core\">\n<li data-block-type=\"core\"><a href=\"#dcfvalu\">DCF v\u00e6rdians\u00e6ttelse<\/a>\n<ul class=\"wp-block-list\" data-block-type=\"core\">\n<li data-block-type=\"core\"><a href=\"#valuvideo\">Video instruktioner<\/a><\/li>\n\n\n\n<li data-block-type=\"core\"><a href=\"#dcfvalutext\">Tekstinstruktioner<\/a><\/li>\n<\/ul>\n<\/li>\n<\/ul>\n<\/li>\n<\/ul>\n\n\n\n<hr class=\"wp-block-separator has-text-color has-alpha-channel-opacity has-background\" style=\"background-color:#d9d9d9;color:#d9d9d9\" id=\"report-video-instructions\">\n\n\n\n<h2 class=\"wp-block-heading\" data-block-type=\"core\">S\u00e5dan downloader du kreditrisikorapporten eller en vurderingsrapport<\/h2>\n\n\n\n<p class=\"has-text-align-left has-medium-font-size\" id=\"credit-report-video-instructions\" data-block-type=\"core\"><strong>Video instruktioner<\/strong><br><\/p>\n\n\n\n<figure id=\"report-text-instructions\" class=\"wp-block-video\" data-block-type=\"core\"><video controls src=\"https:\/\/creditreports.dk\/wp-content\/uploads\/sites\/9\/2024\/01\/raporttiohje_V3.mp4\"><\/video><\/figure>\n\n\n\n<p class=\"has-medium-font-size\" data-block-type=\"core\"><strong>Tekstinstruktioner<\/strong><br>Fra platformen p\u00e5 creditreports.dk er brugeren i stand til at downloade en automatiseret kreditrisikorapport eller v\u00e6rdians\u00e6ttelsesrapport baseret p\u00e5 virksomhedens \u00f8konomiske oplysninger. Kreditrapporten viser virksomhedens \u00f8konomiske tilstand med tekst og visualiseringer.<\/p>\n\n\n\n<ol id=\"find-company-title\" class=\"wp-block-list\" data-block-type=\"core\">\n<li data-block-type=\"core\"><strong>Tilmelding\/Login: <\/strong><a href=\"https:\/\/platform.creditreports.dk\/Login.action?\">Log p\u00e5<\/a> eller <a href=\"https:\/\/platform.creditreports.dk\/AspAndUserCreation.action?templateAspQueryKey=CreditAnalysis\">Tilmeld<\/a> til vores system.<\/li>\n\n\n\n<li data-block-type=\"core\"><strong>Efter login omdirigeres brugeren til hovedsiden<\/strong>. Klik p\u00e5 &quot;Virksomhedss\u00f8gning&quot; p\u00e5 hovedsiden og s\u00f8g efter din \u00f8nskede virksomhed. Brugeren kan ogs\u00e5 bruge s\u00f8gefeltet p\u00e5 hovedsiden.<\/li>\n\n\n\n<li data-block-type=\"core\"><strong>Klik p\u00e5 &quot;S\u00f8g&quot; og v\u00e6lg derefter &quot;Download&quot;<\/strong> mulighed ved siden af virksomhedens navn. Downloaden er ikke n\u00f8dvendig, hvis du allerede har importeret data fra den specifikke virksomhed. I dette tilf\u00e6lde skal du klikke p\u00e5 &quot;G\u00e5 til firma&quot; og springe trin tre over.\n<ul class=\"wp-block-list\" data-block-type=\"core\">\n<li data-block-type=\"core\">Hvis dataene for det allerede downloadede firma er blevet opdateret, vil brugeren ogs\u00e5 have muligheden &quot;Opdater&quot; ved siden af &quot;G\u00e5 til firma&quot; tekstboksen. Brugeren kan trykke p\u00e5 den for at f\u00e5 de seneste oplysninger.<\/li>\n<\/ul>\n<\/li>\n\n\n\n<li data-block-type=\"core\"><strong>Bekr\u00e6ft overf\u00f8rslen<\/strong> ved at klikke p\u00e5 &quot;Forts\u00e6t&quot;. Dataimporten kan tage et par minutter.<\/li>\n\n\n\n<li data-block-type=\"core\"><strong>Nu er dataene importeret<\/strong>, og brugeren kan se virksomhedens regnskaber, v\u00e6rdians\u00e6ttelse mv.<\/li>\n\n\n\n<li data-block-type=\"core\"><strong>For at f\u00e5 en fuldst\u00e6ndig rapport <\/strong>af virksomhedens kreditrisiko eller v\u00e6rdians\u00e6ttelse skal du klikke p\u00e5 &quot;Generer rapport&quot;. Dette \u00e5bner en dialogboks, hvor du kan v\u00e6lge en type, et sprog og et format for rapporten. N\u00e5r du har foretaget de \u00f8nskede valg, skal du klikke p\u00e5 &quot;Generer rapport&quot;, og rapporten vil blive downloadet til dine filer.<br><\/li>\n<\/ol>\n\n\n\n<hr class=\"wp-block-separator has-text-color has-alpha-channel-opacity has-background\" style=\"background-color:#d9d9d9;color:#d9d9d9\" id=\"separator-find\">\n\n\n\n<h2 class=\"wp-block-heading advgb-dyn-c198699f\" id=\"cannotfindcompany\" data-block-type=\"core\">Hvad skal du g\u00f8re, hvis du ikke kan finde et firma<\/h2>\n\n\n\n<p class=\"has-medium-font-size\" id=\"cannot-find-company-video-instructions\" data-block-type=\"core\"><strong>Video instruktioner<\/strong><\/p>\n\n\n\n<figure class=\"wp-block-video\" data-block-type=\"core\"><video controls src=\"https:\/\/creditreports.dk\/wp-content\/uploads\/sites\/9\/2024\/01\/didnt_find_V3.mp4\"><\/video><\/figure>\n\n\n\n<p class=\"has-medium-font-size\" id=\"find-company-text-instructions\" data-block-type=\"core\"><strong>Tekstinstruktioner<\/strong><\/p>\n\n\n\n<p data-block-type=\"core\">Our platform includes financial data from every Danish company that has registered their financial data in XBRL-form to Danish Business Registry (CVR). Thus, these instructions should not be needed anymore. However, if you cannot find the company you are looking for, you can try to manually download the financial information through our system from the <a href=\"https:\/\/datacvr.virk.dk\/\" title=\"CVR\">CVR<\/a>. Please, first make sure that the company in question has registered their data in XBRL form to the CVR. Follow these steps to manually import the company:<\/p>\n\n\n\n<ol class=\"wp-block-list\" data-block-type=\"core\">\n<li data-block-type=\"core\"><strong>Tilmelding\/Login: <\/strong><a href=\"https:\/\/platform.creditreports.dk\/Login.action?\">Log p\u00e5<\/a> eller <a href=\"https:\/\/platform.creditreports.dk\/AspAndUserCreation.action?templateAspQueryKey=CreditAnalysis\">Tilmeld<\/a> til vores system.<\/li>\n\n\n\n<li data-block-type=\"core\"><strong>S\u00f8ger efter en virksomhed: <\/strong>N\u00e5r du er logget ind, skal du s\u00f8ge efter den \u00f8nskede virksomhed ved hj\u00e6lp af s\u00f8gefeltet p\u00e5 Erhvervsregistrets hjemmeside.<\/li>\n\n\n\n<li data-block-type=\"core\"><strong>Downloader oplysninger: <\/strong>Efter at have fundet den rigtige virksomhed i s\u00f8geresultaterne, kan du downloade dens oplysninger til databasen. Dette kan g\u00f8res ved at klikke p\u00e5 knappen &quot;Download&quot; ud for virksomhedens navn. I n\u00e6ste sk\u00e6rmbillede skal du trykke p\u00e5 &quot;Forts\u00e6t&quot; for at begynde at downloade de \u00f8konomiske oplysninger fra Erhvervsregisteret. Dette kan tage et par minutter.<\/li>\n\n\n\n<li data-block-type=\"core\"><strong>Udforsk vores sider: <\/strong>N\u00e5r overf\u00f8rslen er afsluttet, kan du udforske alle tilg\u00e6ngelige oplysninger om virksomheden, f.eks. downloade dens kredit- eller vurderingsrapport.&nbsp;<\/li>\n<\/ol>\n\n\n\n<hr class=\"wp-block-separator has-text-color has-alpha-channel-opacity has-background\" style=\"background-color:#d9d9d9;color:#d9d9d9\" id=\"separator-find\">\n\n\n\n<h2 class=\"wp-block-heading\" id=\"howtovalue\" data-block-type=\"core\">S\u00e5dan bruger du v\u00e6rdians\u00e6ttelsesv\u00e6rkt\u00f8jet<\/h2>\n\n\n\n<p data-block-type=\"core\">Vores system giver et v\u00e6rdians\u00e6ttelsesv\u00e6rkt\u00f8j, der kan tilg\u00e5s som f\u00f8lger:<\/p>\n\n\n\n<ol class=\"wp-block-list\" data-block-type=\"core\">\n<li data-block-type=\"core\"><strong>Tilmelding\/Login: <\/strong><a href=\"https:\/\/platform.creditreports.dk\/Login.action?\">Log p\u00e5<\/a> eller <a href=\"https:\/\/platform.creditreports.dk\/AspAndUserCreation.action?templateAspQueryKey=CreditAnalysis\">Tilmeld<\/a> til vores system.<\/li>\n\n\n\n<li data-block-type=\"core\"><strong>Download og udforsk virksomhedsoplysninger: <\/strong>S\u00f8g efter din \u00f8nskede virksomhed i vores system ved at bruge s\u00f8gefeltet. Klik p\u00e5 knappen &quot;Download&quot;, &quot;Opdater&quot; eller &quot;G\u00e5 til virksomhed&quot; ud for firmanavnet. Se instruktionerne i afsnittet <strong><a href=\"#find-company-title\">Hvad skal du g\u00f8re, hvis du ikke kan finde et firma<\/a><\/strong> for mere dybdeg\u00e5ende vejledning om download af virksomhedsoplysninger.<\/li>\n\n\n\n<li data-block-type=\"core\"><strong>Udforsk vores v\u00e6rdians\u00e6ttelsesv\u00e6rkt\u00f8j: <\/strong>N\u00e5r overf\u00f8rslen er gennemf\u00f8rt, kan du udforske virksomhedssiderne i vores system. V\u00e6lg fanen &quot;Vurderingen&quot; for at se vores v\u00e6rdians\u00e6ttelsesv\u00e6rkt\u00f8j.<\/li>\n<\/ol>\n\n\n\n<p id=\"dcfvalu\" data-block-type=\"core\">Nedenfor finder du instruktioner om, hvordan du bruger V\u00e6rdians\u00e6ttelsesv\u00e6rkt\u00f8jet og dets forskellige aspekter i tekst- og videoform.<\/p>\n\n\n\n<h3 class=\"wp-block-heading\" id=\"dcfvalu\" data-block-type=\"core\">DCF v\u00e6rdians\u00e6ttelse<\/h3>\n\n\n\n<p class=\"has-medium-font-size\" id=\"valuvideo\" data-block-type=\"core\"><strong>Video instruktioner<\/strong><\/p>\n\n\n\n<figure class=\"wp-block-video\" data-block-type=\"core\"><video controls src=\"https:\/\/creditreports.dk\/wp-content\/uploads\/sites\/9\/2024\/02\/howtovaluation_compressed-1.mp4\"><\/video><\/figure>\n\n\n\n<p class=\"has-medium-font-size\" id=\"dcfvalutext\" data-block-type=\"core\"><strong>Tekstinstruktioner<\/strong><\/p>\n\n\n\n<p data-block-type=\"core\">En af de v\u00e6rdians\u00e6ttelsesmetoder, vi bruger, er DCF-metoden (Discounted cash flow-metoden), som estimerer alle virksomhedens fremtidige pengestr\u00f8mme og diskonterer dem til nutidsv\u00e6rdien for at frembringe en estimeret v\u00e6rdi af virksomheden. For en mere omfattende forklaring p\u00e5, hvordan man fortolker og bruger DCF-metoden, henvises til f.eks. Prof. Damodarans <a href=\"https:\/\/pages.stern.nyu.edu\/~adamodar\/pdfiles\/eqnotes\/dcfallOld.pdf\">forel\u00e6sningsnotater om DCF-vurdering<\/a> eller se artiklen <a href=\"https:\/\/en.wikipedia.org\/wiki\/Valuation_using_discounted_cash_flows\">V\u00e6rdians\u00e6ttelse ved hj\u00e6lp af tilbagediskonterede pengestr\u00f8mme<\/a> p\u00e5 Wikipedia.<\/p>\n\n\n\n<p data-block-type=\"core\"><strong>Lav din egen v\u00e6rdians\u00e6ttelse:<\/strong><\/p>\n\n\n\n<ol class=\"wp-block-list\" data-block-type=\"core\">\n<li data-block-type=\"core\"><strong>Estimatgenerering: <\/strong>Hvis virksomheden ikke har nogen estimater umiddelbart tilg\u00e6ngelige, kan du generere dem ved at trykke p\u00e5 <strong>Generer estimater<\/strong> knap. Du kan enten v\u00e6lge at generere alle estimat\u00e5r eller kun nogle af dem (se afsnit &#039;4. Endelige justeringer&#039; hvorfor sidstn\u00e6vnte kan v\u00e6re nyttigt). Dette vil automatisk generere sofistikerede estimater for hver r\u00e6kke p\u00e5 resultatopg\u00f8relsen og balancen. Disse estimater er normalt fremskrivninger, der er baseret p\u00e5 historiske data. Dette tager typisk mellem 30 sekunder og 1 minut.<\/li>\n\n\n\n<li data-block-type=\"core\"><strong>Foretag dine egne sk\u00f8n p\u00e5 fanen &#039;Vurdering&#039;:<\/strong> N\u00e5r du har estimater p\u00e5 plads, kan du \u00e6ndre disse estimater, s\u00e5 de passer til dine personlige syn p\u00e5 virksomheden. Dette kan g\u00f8res ved at klikke p\u00e5 <strong>\u00c6ndre estimater <\/strong>knap. Nogle n\u00f8gletal, s\u00e5som nettooms\u00e6tning og EBIT (Earnings before interest and taxes), kan \u00e6ndres direkte fra fanen V\u00e6rdians\u00e6ttelse og dette er angivet med en understregning under tallene som f.eks. <span style=\"text-decoration: underline;\">10,230<\/span>. Vores v\u00e6rdians\u00e6ttelsesv\u00e6rkt\u00f8j er dynamisk, og som s\u00e5dan vil enhver \u00e6ndring af en figur automatisk afspejle \u00e6ndringerne til andre v\u00e6rdier, der er afh\u00e6ngige af den. For eksempel, ved at \u00e6ndre nettooms\u00e6tningen eller v\u00e6ksten heraf, vil den absolutte EBIT blive justeret, s\u00e5 EBIT-% forbliver den samme i forhold til det opdaterede nettosalg. Mange andre parametre vil blive opdateret tilsvarende, hvis de er i forhold til nettooms\u00e6tningen.<\/li>\n\n\n\n<li data-block-type=\"core\"><strong>Lav dine egne sk\u00f8n under fanen &#039;Finansielle regnskaber&#039;<\/strong>: De fleste r\u00e6kker i DCF-vurderingen er kun bestanddele af forskellige r\u00e6kker eller grupper af r\u00e6kker fra regnskabet, og de kan derfor ikke \u00e6ndres direkte fra DCF-beregningen. \u00c6ndring af f.eks. r\u00e6kken &quot;- Betalt skat&quot; kr\u00e6ver derfor, at du \u00e6ndrer v\u00e6rdierne i r\u00e6kken &quot;Indkomstskatter&quot; p\u00e5 fanen &#039;Regnskaber&#039;. Efter at have \u00e6ndret r\u00e6kken, vil den automatisk opdatere den tilsvarende r\u00e6kke i DCF-v\u00e6rdians\u00e6ttelsen. Andre r\u00e6kker i DCF-vurderingen f\u00f8lger samme logik.<\/li>\n\n\n\n<li data-block-type=\"core\"><strong>Endelige justeringer:<\/strong> Hvis du kun har \u00e6ndret estimaterne for de f\u00f8rste par \u00e5r, kan du derefter generere nye estimater fra det \u00e5r frem ved at trykke p\u00e5 <strong>Generer estimater <\/strong>knappen og v\u00e6lge de \u00e5r, du vil beholde, s\u00e5 de ikke genereres igen. Dette vil justere resten af estimerings\u00e5rene, der skal beregnes baseret p\u00e5 dine indtastede estimater.<\/li>\n\n\n\n<li data-block-type=\"core\"><strong>Gemmer dine estimater: <\/strong>N\u00e5r du er tilfreds med dine overordnede estimater, kan du klikke p\u00e5 <strong>Gemme\u2026<\/strong> knap. Skriv navnet p\u00e5 dit scenarie, og v\u00e6lg, om du \u00f8nsker, at estimaterne skal v\u00e6re offentlige (set af alle brugere) eller skjulte (kun ses af dig), og klik <strong>Gemme<\/strong>.<\/li>\n\n\n\n<li data-block-type=\"core\"><strong>Download af en vurderingsrapport:<\/strong> Du kan ogs\u00e5 generere en automatisk vurderingsrapport baseret p\u00e5 dine estimat\u00e6ndringer. Klik p\u00e5 <strong>Generer rapport <\/strong>knappen og v\u00e6lg &#039;Vurderingsrapport&#039; fra rullemenuen &#039;Rapport:&#039;. Fra side 8-9 kan du finde mere information om DCF-beregningen inklusive en f\u00f8lsomhedsanalyse baseret p\u00e5 dine estimater.<\/li>\n<\/ol>\n\n\n\n<div class=\"wp-block-ugb-button ugb-button-wrapper ugb-b25e48e ugb-main-block\"><div class=\"ugb-inner-block\"><div class=\"ugb-block-content\"><div class=\"ugb-button-container\"><a class=\"ugb-button1 ugb-button ugb-button--size-normal ugb--hover-effect-lift\" href=\"#top\" rel=\"\" title=\"\"><span class=\"ugb-button--inner\">Tilbage til toppen<\/span><\/a><\/div><\/div><\/div><\/div>\n<style class=\"advgb-styles-renderer\">.ugb-b25e48e .ugb-block-content{justify-content:flex-start !important}.ugb-b25e48e .ugb-button1{background-color:#abb8c3;border-radius:35px !important}.ugb-b25e48e .ugb-button1 .ugb-button--inner,.ugb-b25e48e .ugb-button1 svg:not(.ugb-custom-icon){color:#222222 !important}.ugb-b25e48e .ugb-button1:before{border-radius:35px !important}.ugb-b25e48e .ugb-inner-block{text-align:left}<\/style>","protected":false},"excerpt":{"rendered":"<p>Platform Tutorials On this page, you can find both video and text tutorials on how to use our platform. Contents How to download the credit risk report or a valuation report Video instructions Text instructionsFrom the platform of creditreports.dk, the user is able to download an automated credit risk report or valuation report based on the company\u2019s financial information. The credit report displays the financial state of the company with text and visualizations. What to do if you can&#8217;t find&hellip;<\/p>","protected":false},"author":1,"featured_media":0,"parent":17,"menu_order":0,"comment_status":"closed","ping_status":"closed","template":"","meta":{"om_disable_all_campaigns":false,"advgb_blocks_editor_width":"","advgb_blocks_columns_visual_guide":"","_monsterinsights_skip_tracking":false,"_monsterinsights_sitenote_active":false,"_monsterinsights_sitenote_note":"","_monsterinsights_sitenote_category":0,"footnotes":""},"class_list":["post-2611","page","type-page","status-publish","hentry"],"aioseo_notices":[],"featured_image_urls_v2":{"full":"","thumbnail":"","medium":"","medium_large":"","large":"","1536x1536":"","2048x2048":"","trp-custom-language-flag":"","portfolio":""},"post_excerpt_stackable_v2":"<p>Platform Tutorials On this page, you can find both video and text tutorials on how to use our platform. Contents How to download the credit risk or the valuation report Video instructions Text instructions What to do if you can&#8217;t find a company Video instructions Text instructions How to use the Valuation tool DCF valuation Video instructions Text instructions How to download the credit risk report or a valuation report Video instructions Text instructionsFrom the platform of creditreports.dk, the user is able to download an automated credit risk report or valuation report based on the company\u2019s financial information. The credit&hellip;<\/p>\n","category_list_v2":"","author_info_v2":{"name":"valuatum","url":"https:\/\/creditreports.dk\/da\/author\/valuatum\/"},"comments_num_v2":"0 comments","coauthors":[],"author_meta":{"author_link":"https:\/\/creditreports.dk\/da\/author\/valuatum\/","display_name":"valuatum"},"relative_dates":{"created":"Udgivet 2 \u00e5r siden","modified":"Opdateret 1 \u00e5r siden"},"absolute_dates":{"created":"Udgivet december 28, 2023","modified":"Opdateret oktober 9, 2024"},"absolute_dates_time":{"created":"Udgivet december 28, 2023 12:32 pm","modified":"Opdateret oktober 9, 2024 4:30 pm"},"featured_img_caption":"","featured_img":false,"series_order":"","_links":{"self":[{"href":"https:\/\/creditreports.dk\/da\/wp-json\/wp\/v2\/pages\/2611","targetHints":{"allow":["GET"]}}],"collection":[{"href":"https:\/\/creditreports.dk\/da\/wp-json\/wp\/v2\/pages"}],"about":[{"href":"https:\/\/creditreports.dk\/da\/wp-json\/wp\/v2\/types\/page"}],"author":[{"embeddable":true,"href":"https:\/\/creditreports.dk\/da\/wp-json\/wp\/v2\/users\/1"}],"replies":[{"embeddable":true,"href":"https:\/\/creditreports.dk\/da\/wp-json\/wp\/v2\/comments?post=2611"}],"version-history":[{"count":10,"href":"https:\/\/creditreports.dk\/da\/wp-json\/wp\/v2\/pages\/2611\/revisions"}],"predecessor-version":[{"id":2803,"href":"https:\/\/creditreports.dk\/da\/wp-json\/wp\/v2\/pages\/2611\/revisions\/2803"}],"up":[{"embeddable":true,"href":"https:\/\/creditreports.dk\/da\/wp-json\/wp\/v2\/pages\/17"}],"wp:attachment":[{"href":"https:\/\/creditreports.dk\/da\/wp-json\/wp\/v2\/media?parent=2611"}],"curies":[{"name":"wp","href":"https:\/\/api.w.org\/{rel}","templated":true}]}}