{"id":2541,"date":"2023-09-06T13:00:29","date_gmt":"2023-09-06T10:00:29","guid":{"rendered":"https:\/\/creditreports.dk\/?page_id=2541"},"modified":"2025-08-01T12:59:17","modified_gmt":"2025-08-01T09:59:17","slug":"faq-old","status":"publish","type":"page","link":"https:\/\/creditreports.dk\/da\/support\/faq-old\/","title":{"rendered":"FAQ"},"content":{"rendered":"<h1 class=\"wp-block-heading\" id=\"top\" data-block-type=\"core\">FAQ<\/h1>\n\n\n\n<p data-block-type=\"core\">P\u00e5 denne side kan du finde detaljer om, hvordan vi beregner specifikke variabler p\u00e5 vores <a href=\"https:\/\/creditreports.dk\/da\/support\/get-started\/\">kreditrisikoplatforme<\/a> Oversigtsside.<\/p>\n\n\n\n<h2 class=\"wp-block-heading\" id=\"creditrating\" data-block-type=\"core\">Indhold<\/h2>\n\n\n\n<ul class=\"wp-block-list\" data-block-type=\"core\">\n<li data-block-type=\"core\"><a href=\"#creditrating\">Kreditvurdering og score<\/a><\/li>\n\n\n\n<li data-block-type=\"core\"><a href=\"#bankruptcyrisk\">Konkursrisiko<\/a><\/li>\n\n\n\n<li data-block-type=\"core\"><a href=\"#creditlimit\">Kredit gr\u00e6nse<\/a><\/li>\n<\/ul>\n\n\n\n<h2 class=\"wp-block-heading\" data-block-type=\"core\"><span id=\"dynamic_scatter\"><\/span>Kreditvurdering og score<\/h2>\n\n\n\n<p data-block-type=\"core\"><strong><span style=\"color: #000000;\" class=\"stk-highlight\">Kreditvurdering<\/span><\/strong> er en m\u00e5de at klassificere virksomheder i st\u00f8rre grupper, hvilket g\u00f8r det nemt hurtigt at sammenligne en given virksomhed med alle de andre i vores database. I vores system, <strong>kreditvurderingen er baseret p\u00e5 <a href=\"#bankruptcyrisk\" title=\"konkursrisikoen\">konkursrisikoen<\/a> af en virksomhed<\/strong>. Virksomheder med h\u00f8jere risiko har lavere kreditvurderinger, og lavrisikovirksomheder har h\u00f8je ratings. Vi bruger standard syv ratingkategorier, der sp\u00e6nder fra AAA-C, hvor AAA er den kategori, der indeholder virksomheder med de laveste konkursrisici, og C er den kategori, der indeholder virksomheder med den h\u00f8jeste konkursrisiko. Billedet nedenfor viser fordelingen af vores kreditvurderinger. For eksempel vil top 1.3% af virksomheder (eller virksomheder p\u00e5 eller over 987. promille) modtage en &#039;AAA&#039;-rating, og virksomheder, hvis konkursrisiko falder mellem 334. og 667. permille, vil modtage en &#039;BBB&#039;-rating.<\/p>\n\n\n\n<p data-block-type=\"core\"><strong><span style=\"color: #000000;\" class=\"stk-highlight\">Kreditvurderingen<\/span><\/strong> henviser til en virksomheds risiko i forhold til andre virksomheder. V\u00e6rdien g\u00e5r fra 0 til 100, og jo h\u00f8jere score, jo lavere er risikoen. Eksempelvis betyder en kreditscore p\u00e5 78, at den p\u00e5g\u00e6ldende virksomhed har en lavere risiko end 78 % af alle virksomheder. En kreditscore vises ud over vurderingen, da nogle ratingklasser kan d\u00e6kke en bred vifte af kreditscore.<\/p>\n\n\n\n<div class=\"wp-block-ugb-container ugb-container ugb-container--width-small ugb-401cd69 ugb-container--v2 ugb-container--design-basic ugb-main-block\" id=\"bankruptcyrisk\"><div class=\"ugb-inner-block\"><div class=\"ugb-block-content\"><div class=\"ugb-container__wrapper ugb-401cd69-wrapper ugb--shadow-0\"><div class=\"ugb-container__side\"><div class=\"ugb-container__content-wrapper ugb-401cd69-content-wrapper\">\n<figure class=\"wp-block-image size-large\" data-block-type=\"core\"><img decoding=\"async\" src=\"https:\/\/creditreports.dk\/wp-content\/uploads\/sites\/9\/2024\/07\/credit_rating_distribution_4_en.png\" alt=\"\" style=\"object-fit:cover\"\/><\/figure>\n<\/div><\/div><\/div><\/div><\/div><\/div>\n\n\n\n<h2 class=\"wp-block-heading\" id=\"bankruptcyrisk\" data-block-type=\"core\">Konkursrisiko<\/h2>\n\n\n\n<p data-block-type=\"core\">Vores <strong>konkursrisiko<\/strong> sandsynlighed vurderer sandsynligheden for, at en virksomhed ikke opfylder sine \u00f8konomiske forpligtelser og erkl\u00e6rer sig konkurs inden for de n\u00e6ste 24 m\u00e5neder. Vores nuv\u00e6rende metode involverer brugen af XGBoost-maskinl\u00e6ringsmodellen, som inkorporerer cirka 30 forklarende variabler til risikoestimering. I vores evalueringer har XGBoost konsekvent overg\u00e5et alternative tilgange, herunder tilf\u00e6ldig skov. Navnlig har akademiske unders\u00f8gelser ogs\u00e5 vist den overlegne ydeevne af maskinl\u00e6ringsmodeller sammenlignet med konventionelle logistisk regressionsbaserede modeller.<\/p>\n\n\n\n<p data-block-type=\"core\">Vores modeller er udviklet i samarbejde med <a href=\"https:\/\/www.valuatum.com\/\">Valuatum<\/a>. Du kan finde mere detaljeret information om dem p\u00e5 Valuatums hjemmeside:<\/p>\n\n\n\n<ul class=\"wp-block-list\" id=\"creditlimit\" data-block-type=\"core\">\n<li data-block-type=\"core\"><a href=\"https:\/\/www.valuatum.com\/credit-risk\/bankruptcy-risk\/our-solution-in-a-nutshell\/\">Vores l\u00f8sning i en n\u00f8ddeskal<\/a> \u2013 fremh\u00e6ver fordelene ved at bruge maskinl\u00e6ringsmetoder og skitserer vores tilgang til at im\u00f8deg\u00e5 manglen p\u00e5 forklarlighed i modelbeslutninger<\/li>\n\n\n\n<li data-block-type=\"core\"><a href=\"https:\/\/www.valuatum.com\/credit-risk\/bankruptcy-risk\/\">Konkursrisikooversigt<\/a> \u2013 giver indsigt i vores models arkitektur, de anvendte variabler, dens tr\u00e6ningsproces og meget mere<\/li>\n\n\n\n<li data-block-type=\"core\"><a href=\"http:\/\/files.valuatum.com\/bankruptcy_whitepaper_valuatum.pdf\">Hvidt papir<\/a> \u2013 detaljeret teknisk forklaring af vores model<\/li>\n<\/ul>\n\n\n\n<h2 class=\"wp-block-heading\" data-block-type=\"core\">Kredit gr\u00e6nse<\/h2>\n\n\n\n<p data-block-type=\"core\">Vi tilbyder et forel\u00f8bigt estimat for en potentiel kreditgr\u00e6nse, bestemt af en virksomhedsspecifik maksimumgr\u00e6nse og den tilh\u00f8rende konkursrisiko. Vores maksimalgr\u00e6nseberegning tager h\u00f8jde for forskellige faktorer, s\u00e5som egenkapital og disponible likvide midler. Denne indledende maksimalgr\u00e6nse justeres derefter baseret p\u00e5 virksomhedens konkursrisiko, som illustreret i grafen nedenfor. <strong>Den maksimale gr\u00e6nse er kun sat til 10 000 som et illustrativt eksempel<\/strong> \u2013 <strong>st\u00f8rre virksomheder kan have en markant og meget h\u00f8jere gr\u00e6nse sammenlignet med mindre virksomheder.<\/strong><\/p>\n\n\n\n<p data-block-type=\"core\">V\u00e6r opm\u00e6rksom p\u00e5, at den kreditgr\u00e6nse, vi tilbyder, er et estimat baseret p\u00e5 et begr\u00e6nset s\u00e6t variabler og vurdering af konkursrisiko. Vi anbefaler kraftigt at foretage en omfattende evaluering af virksomhedens \u00f8konomiske status, f\u00f8r der tr\u00e6ffes beslutninger vedr\u00f8rende l\u00e5nebel\u00f8bet.<\/p>\n\n\n<div class=\"wp-block-image\">\n<figure class=\"aligncenter size-full\" data-block-type=\"core\"><img fetchpriority=\"high\" decoding=\"async\" width=\"772\" height=\"424\" src=\"https:\/\/creditreports.dk\/wp-content\/uploads\/sites\/9\/2024\/04\/CreditLimitFAQ.png\" alt=\"\" class=\"wp-image-2732\" srcset=\"https:\/\/creditreports.dk\/wp-content\/uploads\/sites\/9\/2024\/04\/CreditLimitFAQ.png 772w, https:\/\/creditreports.dk\/wp-content\/uploads\/sites\/9\/2024\/04\/CreditLimitFAQ-300x165.png 300w, https:\/\/creditreports.dk\/wp-content\/uploads\/sites\/9\/2024\/04\/CreditLimitFAQ-768x422.png 768w, https:\/\/creditreports.dk\/wp-content\/uploads\/sites\/9\/2024\/04\/CreditLimitFAQ-18x10.png 18w\" sizes=\"(max-width: 772px) 100vw, 772px\" \/><\/figure><\/div>\n\n\n<div class=\"wp-block-ugb-button ugb-button-wrapper ugb-b25e48e ugb-main-block\"><div class=\"ugb-inner-block\"><div class=\"ugb-block-content\"><div class=\"ugb-button-container\"><a class=\"ugb-button1 ugb-button ugb-button--size-normal ugb--hover-effect-lift\" href=\"#top\" rel=\"\" title=\"\"><span class=\"ugb-button--inner\">Tilbage til toppen<\/span><\/a><\/div><\/div><\/div><\/div>\n<style class=\"advgb-styles-renderer\">.ugb-401cd69-wrapper.ugb-container__wrapper{border-radius:0px !important}.ugb-401cd69 .ugb-inner-block{text-align:center}@media screen and (min-width:768px){.ugb-401cd69-content-wrapper.ugb-container__content-wrapper{width:67% !important}}.ugb-b25e48e .ugb-block-content{justify-content:flex-start !important}.ugb-b25e48e .ugb-button1{background-color:#abb8c3;border-radius:35px !important}.ugb-b25e48e .ugb-button1 .ugb-button--inner,.ugb-b25e48e .ugb-button1 svg:not(.ugb-custom-icon){color:#222222 !important}.ugb-b25e48e .ugb-button1:before{border-radius:35px !important}.ugb-b25e48e .ugb-inner-block{text-align:left}<\/style>","protected":false},"excerpt":{"rendered":"<p>FAQ On this page, you can find details on how we calculate specific variables featured on our credit risk platform&#8217;s Overview page. Contents Credit rating &amp; score Credit rating is a way to classify companies into larger groups, making it easy to quickly compare a given company to all the others in our database. In our system, the credit rating is based on the bankruptcy risk of a company. The companies with higher risks have lower credit ratings and the&hellip;<\/p>","protected":false},"author":1,"featured_media":0,"parent":17,"menu_order":0,"comment_status":"closed","ping_status":"closed","template":"","meta":{"om_disable_all_campaigns":false,"advgb_blocks_editor_width":"","advgb_blocks_columns_visual_guide":"","_monsterinsights_skip_tracking":false,"_monsterinsights_sitenote_active":false,"_monsterinsights_sitenote_note":"","_monsterinsights_sitenote_category":0,"footnotes":""},"class_list":["post-2541","page","type-page","status-publish","hentry"],"aioseo_notices":[],"featured_image_urls_v2":{"full":"","thumbnail":"","medium":"","medium_large":"","large":"","1536x1536":"","2048x2048":"","trp-custom-language-flag":"","portfolio":""},"post_excerpt_stackable_v2":"<p>FAQ On this page, you can find details on how we calculate specific variables featured on our credit risk platform&#8217;s Overview page. Contents Credit rating &amp; score Bankruptcy risk Credit limit Credit rating &amp; score Credit rating is a way to classify companies into larger groups, making it easy to quickly compare a given company to all the others in our database. In our system, the credit rating is based on the bankruptcy risk of a company. The companies with higher risks have lower credit ratings and the low-risk companies have high ratings. We use the standard seven rating categories&hellip;<\/p>\n","category_list_v2":"","author_info_v2":{"name":"valuatum","url":"https:\/\/creditreports.dk\/da\/author\/valuatum\/"},"comments_num_v2":"0 comments","coauthors":[],"author_meta":{"author_link":"https:\/\/creditreports.dk\/da\/author\/valuatum\/","display_name":"valuatum"},"relative_dates":{"created":"Udgivet 3 \u00e5r siden","modified":"Opdateret 9 m\u00e5neder siden"},"absolute_dates":{"created":"Udgivet september 6, 2023","modified":"Opdateret august 1, 2025"},"absolute_dates_time":{"created":"Udgivet september 6, 2023 1:00 pm","modified":"Opdateret august 1, 2025 12:59 pm"},"featured_img_caption":"","featured_img":false,"series_order":"","_links":{"self":[{"href":"https:\/\/creditreports.dk\/da\/wp-json\/wp\/v2\/pages\/2541","targetHints":{"allow":["GET"]}}],"collection":[{"href":"https:\/\/creditreports.dk\/da\/wp-json\/wp\/v2\/pages"}],"about":[{"href":"https:\/\/creditreports.dk\/da\/wp-json\/wp\/v2\/types\/page"}],"author":[{"embeddable":true,"href":"https:\/\/creditreports.dk\/da\/wp-json\/wp\/v2\/users\/1"}],"replies":[{"embeddable":true,"href":"https:\/\/creditreports.dk\/da\/wp-json\/wp\/v2\/comments?post=2541"}],"version-history":[{"count":10,"href":"https:\/\/creditreports.dk\/da\/wp-json\/wp\/v2\/pages\/2541\/revisions"}],"predecessor-version":[{"id":2769,"href":"https:\/\/creditreports.dk\/da\/wp-json\/wp\/v2\/pages\/2541\/revisions\/2769"}],"up":[{"embeddable":true,"href":"https:\/\/creditreports.dk\/da\/wp-json\/wp\/v2\/pages\/17"}],"wp:attachment":[{"href":"https:\/\/creditreports.dk\/da\/wp-json\/wp\/v2\/media?parent=2541"}],"curies":[{"name":"wp","href":"https:\/\/api.w.org\/{rel}","templated":true}]}}