{"id":1940,"date":"2021-06-11T09:28:53","date_gmt":"2021-06-11T06:28:53","guid":{"rendered":"https:\/\/creditreports.dk\/?page_id=1940"},"modified":"2023-06-28T15:41:28","modified_gmt":"2023-06-28T12:41:28","slug":"get-started","status":"publish","type":"page","link":"https:\/\/creditreports.dk\/da\/support\/kom-i-gang-3\/","title":{"rendered":"Kom i gang"},"content":{"rendered":"<div data-elementor-type=\"wp-page\" data-elementor-id=\"1940\" class=\"elementor elementor-1940\">\n\t\t\t\t\t\t<section class=\"elementor-section elementor-top-section elementor-element elementor-element-393bf43 elementor-section-full_width elementor-section-height-default elementor-section-height-default\" data-id=\"393bf43\" data-element_type=\"section\">\n\t\t\t\t\t\t<div class=\"elementor-container elementor-column-gap-default\">\n\t\t\t\t\t<div class=\"elementor-column elementor-col-100 elementor-top-column elementor-element elementor-element-736457d9\" data-id=\"736457d9\" data-element_type=\"column\">\n\t\t\t<div class=\"elementor-widget-wrap elementor-element-populated\">\n\t\t\t\t\t\t<div class=\"elementor-element elementor-element-55b6bffa elementor-widget elementor-widget-text-editor\" data-id=\"55b6bffa\" data-element_type=\"widget\" data-widget_type=\"text-editor.default\">\n\t\t\t\t<div class=\"elementor-widget-container\">\n\t\t\t\t\t\t\t\t\t\n<div id=\"\" class=\"alignfull wp-block-ugb-cta ugb-cta ugb-44a4a36 ugb-cta ugb-cta--v2 ugb-cta--design-plain ugb-main-block ugb-main-block--inner-wide ugb--has-block-background ugb--has-background-overlay\"><style>.ugb-44a4a36 .ugb-cta__title,.ugb-44a4a36 .ugb-cta__description,.ugb-44a4a36 .ugb-button-container{text-align:left !important}.ugb-44a4a36 .ugb-cta__title{font-family:\"Poppins\",Sans-serif !important;font-weight:400}.ugb-44a4a36 .ugb-button-container{text-align:center !important}.ugb-44a4a36 .ugb-button{background-color:#7bdcb5;border-radius:100px !important}.ugb-44a4a36 .ugb-button .ugb-button--inner,.ugb-44a4a36 .ugb-button svg{color:#313131 !important}.ugb-44a4a36 .ugb-button:before{border-radius:100px !important}.ugb-44a4a36 .ugb-inner-block{text-align:left}.ugb-44a4a36.ugb-cta{padding-right:0px !important;padding-left:0px !important;min-height:400px;justify-content:flex-start;background-color:#ffffff;background-image:url(http:\/\/creditreports.dk\/wp-content\/uploads\/sites\/9\/2020\/08\/block-background-background-media-url.jpg)}.ugb-44a4a36.ugb-cta > .ugb-inner-block{width:60% !important;min-width:auto !important}.ugb-44a4a36.ugb-cta:before{background-color:#ffffff;opacity:0.7}@media screen and (max-width:768px){.ugb-44a4a36 .ugb-button-container{text-align:center !important}.ugb-44a4a36.ugb-cta{padding-left:0px !important;justify-content:flex-start;background-image:url(http:\/\/creditreports.dk\/wp-content\/uploads\/sites\/9\/2020\/08\/block-background-background-media-url.jpg)}.ugb-44a4a36.ugb-cta:before{opacity:0.7}}@media screen and (-ms-high-contrast:active),screen and (-ms-high-contrast:none){.ugb-44a4a36.ugb-cta{height:400px}}<\/style>\n<div class=\"ugb-inner-block\">\n<div class=\"ugb-block-content\">\n<div class=\"ugb-cta__item\">\n<h3 class=\"ugb-cta__title\">KOM I GANG MED KREDITREPORTER.DK KREDITRAPPORTER<\/h3>\n<p class=\"ugb-cta__description\">Here you will find step-by-step instructions on how to get started with our service and gain access to hundreds of thousands of companies&#8217; financial data and credit ratings in just a few minutes. If you have already registered and are looking for support regarding the use of the system, please press the button below to see our support page. You can also <a href=\"https:\/\/creditreports.dk\/da\/contact\/\">kontakte os<\/a> directly.<\/p>\n<div class=\"ugb-button-container\"><a class=\"ugb-button ugb-button--size-medium ugb--hover-effect-lift\" href=\"https:\/\/creditreports.dk\/da\/support\/\" rel=\"\"><span class=\"ugb-button--inner\">Supportside<\/span><\/a><\/div>\n<\/div>\n<\/div>\n<\/div>\n<\/div>\n\n<div id=\"\" class=\"alignfull wp-block-ugb-feature ugb-feature ugb-a32d54a ugb-feature--v2 ugb-feature--design-plain ugb-main-block ugb-main-block--inner-wide ugb--has-block-background ugb--has-background-overlay ugb--has-bottom-separator\"><style>.ugb-a32d54a .ugb-img{border-radius:7px;width:554px;height:auto !important}.ugb-a32d54a .ugb-feature__title{font-weight:700;color:#21691d}.ugb-a32d54a .ugb-button{background-color:#8da38c;border-radius:100px !important}.ugb-a32d54a .ugb-button .ugb-button--inner,.ugb-a32d54a .ugb-button svg{color:#222222 !important}.ugb-a32d54a .ugb-button:hover{opacity:0.5}.ugb-a32d54a .ugb-button:before{border-radius:100px !important}.ugb-a32d54a .ugb-inner-block{text-align:center}.ugb-a32d54a.ugb-feature{opacity:1 !important;padding-top:35px !important;justify-content:center;background-color:#7bdcb5}.ugb-a32d54a.ugb-feature:before{background-image:linear-gradient(90deg,#7bdcb5 0%,#8ed1fc 100%)}@media screen and (min-width:768px){.ugb-a32d54a .ugb-feature__item{grid-template-columns:0.70fr 1.30fr !important}}<\/style>\n<div class=\"ugb-bottom-separator\">\n<div class=\"ugb-separator-wrapper\">\u00a0<\/div>\n<\/div>\n<div class=\"ugb-inner-block\">\n<div class=\"ugb-block-content\">\n<div class=\"ugb-feature__item\">\n<div class=\"ugb-feature__content\">\n<h2 class=\"ugb-feature__title\">1. Tilmeld dig systemet<\/h2>\n<p class=\"ugb-feature__description\">Tilmeld dig ved at udfylde de n\u00f8dvendige detaljer. Efter tilmelding modtager du en e-mail og dirigeres til login-siden. Registrering er gratis, og du kan begynde at bruge systemet med det samme.<\/p>\n<div class=\"ugb-button-container\"><a class=\"ugb-button ugb-button--size-normal ugb--hover-effect-scale-more\" href=\"https:\/\/platform.creditreports.dk\/AspAndUserCreation.action?templateAspQueryKey=CreditAnalysis\" target=\"_blank\" rel=\"noopener noreferrer\"><span class=\"ugb-button--inner\">Tilmeld dig her<\/span><\/a> <a class=\"ugb-button ugb-button--size-normal ugb--hover-effect-scale-more\" href=\"https:\/\/creditreports.dk\/da\/support\/credit-risk-manual\/general\/#account_information\" target=\"_blank\" rel=\"noopener noreferrer\"><span class=\"ugb-button--inner\">Instruktioner<\/span><\/a><\/div>\n<\/div>\n<div class=\"ugb-feature__image-side\"><img fetchpriority=\"high\" decoding=\"async\" class=\"ugb-feature__image ugb-img wp-image-1694\" src=\"https:\/\/creditreports.dk\/wp-content\/uploads\/sites\/9\/2021\/07\/new_register-min_updated.png\" width=\"554\" height=\"444\" \/><\/div>\n<\/div>\n<\/div>\n<\/div>\n<\/div>\n\n<div id=\"\" class=\"alignfull wp-block-ugb-feature ugb-feature ugb-37a54bb ugb-feature--v2 ugb-feature--design-plain ugb-feature--invert ugb-main-block ugb-main-block--inner-wide ugb--has-block-background ugb--has-background-overlay ugb--has-bottom-separator\"><style>.ugb-37a54bb .ugb-img{border-radius:7px;width:793px;height:auto !important}.ugb-37a54bb .ugb-feature__title{font-weight:700;color:#21691d}.ugb-37a54bb .ugb-button{background-color:#8da38c;border-radius:100px !important}.ugb-37a54bb .ugb-button .ugb-button--inner,.ugb-37a54bb .ugb-button svg{color:#222222 !important}.ugb-37a54bb .ugb-button:hover{opacity:0.5}.ugb-37a54bb .ugb-button:before{border-radius:100px !important}.ugb-37a54bb .ugb-inner-block{text-align:center}.ugb-37a54bb.ugb-feature{opacity:1 !important;margin-top:-140px !important;margin-bottom:0px !important;padding-top:35px !important;justify-content:center;background-color:#8ed1fc}.ugb-37a54bb.ugb-feature:before{background-image:linear-gradient(90deg,#8ed1fc 0%,#7bdcb5 100%)}@media screen and (min-width:768px){.ugb-37a54bb .ugb-feature__item{grid-template-columns:1.30fr 0.70fr !important}}<\/style>\n<div class=\"ugb-bottom-separator\">\n<div class=\"ugb-separator-wrapper\">\u00a0<\/div>\n<\/div>\n<div class=\"ugb-inner-block\">\n<div class=\"ugb-block-content\">\n<div class=\"ugb-feature__item\">\n<div class=\"ugb-feature__content\">\n<h2 class=\"ugb-feature__title\">2. Log ind<\/h2>\n<p class=\"ugb-feature__description\">Efter registreringen kan du straks logge ind og begynde at forbedre kvaliteten af din beslutningsproces med gratis kreditrapporter.<\/p>\n<div class=\"ugb-button-container\"><a class=\"ugb-button ugb-button--size-normal ugb--hover-effect-scale-more\" href=\"https:\/\/platform.creditreports.dk\" target=\"_blank\" rel=\"noopener noreferrer\"><span class=\"ugb-button--inner\">Login side<\/span><\/a> <a class=\"ugb-button ugb-button--size-normal ugb--hover-effect-scale-more\" href=\"http:\/\/creditreports.dk\/da\/?page_id=1914\" target=\"_blank\" rel=\"noopener noreferrer\"><span class=\"ugb-button--inner\">Instruktioner<\/span><\/a><\/div>\n<\/div>\n<div class=\"ugb-feature__image-side\"><img decoding=\"async\" class=\"ugb-feature__image ugb-img wp-image-1471\" src=\"https:\/\/creditreports.dk\/wp-content\/uploads\/sites\/9\/2021\/07\/login.png\" alt=\"After registering you will be automatically redirected to the login page.\" width=\"793\" height=\"306\" \/><\/div>\n<\/div>\n<\/div>\n<\/div>\n<\/div>\n\n<div id=\"\" class=\"alignfull wp-block-ugb-feature ugb-feature ugb-8681d5c ugb-feature--v2 ugb-feature--design-plain ugb-main-block ugb-main-block--inner-wide ugb--has-block-background ugb--has-background-overlay ugb--has-bottom-separator\"><style>.ugb-8681d5c .ugb-img{border-radius:7px;width:663px;height:auto !important}.ugb-8681d5c .ugb-feature__title{font-weight:700;color:#21691d}.ugb-8681d5c .ugb-button{background-color:#8da38c;border-radius:100px !important}.ugb-8681d5c .ugb-button .ugb-button--inner,.ugb-8681d5c .ugb-button svg{color:#222222 !important}.ugb-8681d5c .ugb-button:hover{opacity:0.5}.ugb-8681d5c .ugb-button:before{border-radius:100px !important}.ugb-8681d5c .ugb-inner-block{text-align:center}.ugb-8681d5c.ugb-feature{opacity:1 !important;margin-top:-140px !important;padding-top:35px !important;justify-content:center;background-color:#7bdcb5}.ugb-8681d5c.ugb-feature:before{background-image:linear-gradient(90deg,#7bdcb5 0%,#8ed1fc 100%)}@media screen and (min-width:768px){.ugb-8681d5c .ugb-feature__item{grid-template-columns:0.70fr 1.30fr !important}}<\/style>\n<div class=\"ugb-bottom-separator\">\n<div class=\"ugb-separator-wrapper\">\u00a0<\/div>\n<\/div>\n<div class=\"ugb-inner-block\">\n<div class=\"ugb-block-content\">\n<div class=\"ugb-feature__item\">\n<div class=\"ugb-feature__content\">\n<h2 class=\"ugb-feature__title\">3. Find data<\/h2>\n<p class=\"ugb-feature__description\">N\u00e5r du er logget ind, skal du navigere til fanen Firmas\u00f8gning. S\u00f8gegr\u00e6nsefladen giver dig mulighed for nemt at finde det firma, du leder efter, og downloade de \u00f8konomiske oplysninger til vores system, hvor det kan ses og justeres, som du vil.<\/p>\n<div class=\"ugb-button-container\"><a class=\"ugb-button ugb-button--size-normal ugb--hover-effect-scale-more\" href=\"https:\/\/creditanalysis.valuatum.com\/\/PPVCompanySearch.action?\" target=\"_blank\" rel=\"noopener noreferrer\"><span class=\"ugb-button--inner\">S\u00f8g virksomheder<\/span><\/a> <a class=\"ugb-button ugb-button--size-normal ugb--hover-effect-scale-more\" href=\"https:\/\/creditreports.dk\/da\/support\/credit-risk-manual\/general\/#data_import\" target=\"_blank\" rel=\"noopener noreferrer\"><span class=\"ugb-button--inner\">Instruktioner<\/span><\/a><\/div>\n<\/div>\n<div class=\"ugb-feature__image-side\"><img decoding=\"async\" class=\"ugb-feature__image ugb-img wp-image-1690\" src=\"http:\/\/creditreports.dk\/wp-content\/uploads\/sites\/9\/2020\/08\/search_min.png\" width=\"663\" height=\"480\" srcset=\"https:\/\/creditreports.dk\/wp-content\/uploads\/sites\/9\/2020\/08\/search_min.png 663w, https:\/\/creditreports.dk\/wp-content\/uploads\/sites\/9\/2020\/08\/search_min-300x217.png 300w\" sizes=\"(max-width: 663px) 100vw, 663px\" \/><\/div>\n<\/div>\n<\/div>\n<\/div>\n<\/div>\n\n<div id=\"\" class=\"alignfull wp-block-ugb-feature ugb-feature ugb-3b35eff ugb-feature--v2 ugb-feature--design-plain ugb-feature--invert ugb-main-block ugb-main-block--inner-wide ugb--has-block-background ugb--has-background-overlay ugb--has-bottom-separator\"><style>.ugb-3b35eff .ugb-img{border-radius:7px;width:695px;height:auto !important}.ugb-3b35eff .ugb-feature__title{font-weight:700;color:#21691d}.ugb-3b35eff .ugb-button{background-color:#8da38c;border-radius:100px !important}.ugb-3b35eff .ugb-button .ugb-button--inner,.ugb-3b35eff .ugb-button svg{color:#222222 !important}.ugb-3b35eff .ugb-button:hover{opacity:0.5}.ugb-3b35eff .ugb-button:before{border-radius:100px !important}.ugb-3b35eff .ugb-inner-block{text-align:center}.ugb-3b35eff.ugb-feature{opacity:1 !important;margin-top:-140px !important;padding-top:35px !important;justify-content:center;background-color:#8ed1fc}.ugb-3b35eff.ugb-feature:before{background-image:linear-gradient(90deg,#8ed1fc 0%,#7bdcb5 100%)}@media screen and (min-width:768px){.ugb-3b35eff .ugb-feature__item{grid-template-columns:1.30fr 0.70fr !important}}<\/style>\n<div class=\"ugb-bottom-separator\">\n<div class=\"ugb-separator-wrapper\">\u00a0<\/div>\n<\/div>\n<div class=\"ugb-inner-block\">\n<div class=\"ugb-block-content\">\n<div class=\"ugb-feature__item\">\n<div class=\"ugb-feature__content\">\n<h2 class=\"ugb-feature__title\">4. Se data og generer estimater<\/h2>\n<p class=\"ugb-feature__description\">CreditReports.dk-platformen leveres med en funktion, der giver dig mulighed for at generere automatiske estimater baseret p\u00e5 historiske data. Automatiske estimater g\u00f8r det lettere at indtaste dine egne forudsigelser.<\/p>\n<div class=\"ugb-button-container\"><a class=\"ugb-button ugb-button--size-normal ugb--hover-effect-scale-more\" href=\"https:\/\/www.valuatum.com\/estimate-generation\/\" target=\"_blank\" rel=\"noopener noreferrer\"><span class=\"ugb-button--inner\">L\u00e6s mere<\/span><\/a> <a class=\"ugb-button ugb-button--size-normal ugb--hover-effect-scale-more\" href=\"https:\/\/creditreports.dk\/da\/support\/credit-risk-manual-company-views\/#generate_estimates\" rel=\"noopener noreferrer\"><span class=\"ugb-button--inner\">Instruktioner<\/span><\/a><\/div>\n<\/div>\n<div class=\"ugb-feature__image-side\"><img loading=\"lazy\" decoding=\"async\" class=\"ugb-feature__image ugb-img wp-image-1692\" src=\"http:\/\/creditreports.dk\/wp-content\/uploads\/sites\/9\/2020\/08\/cv_overview_min.png\" width=\"695\" height=\"616\" srcset=\"https:\/\/creditreports.dk\/wp-content\/uploads\/sites\/9\/2020\/08\/cv_overview_min.png 695w, https:\/\/creditreports.dk\/wp-content\/uploads\/sites\/9\/2020\/08\/cv_overview_min-300x266.png 300w\" sizes=\"(max-width: 695px) 100vw, 695px\" \/><\/div>\n<\/div>\n<\/div>\n<\/div>\n<\/div>\n\n<div id=\"\" class=\"alignfull wp-block-ugb-feature ugb-feature ugb-991021c ugb-feature--v2 ugb-feature--design-plain ugb-main-block ugb-main-block--inner-wide ugb--has-block-background ugb--has-background-overlay ugb--has-bottom-separator\"><style>.ugb-991021c .ugb-img{border-radius:7px;width:1177px;height:auto !important}.ugb-991021c .ugb-feature__title{font-weight:700;color:#21691d}.ugb-991021c .ugb-button{background-color:#8da38c;border-radius:100px !important}.ugb-991021c .ugb-button .ugb-button--inner,.ugb-991021c .ugb-button svg{color:#222222 !important}.ugb-991021c .ugb-button:hover{opacity:0.5}.ugb-991021c .ugb-button:before{border-radius:100px !important}.ugb-991021c .ugb-inner-block{text-align:center}.ugb-991021c.ugb-feature{opacity:1 !important;margin-top:-140px !important;padding-top:35px !important;justify-content:center;background-color:#7bdcb5}.ugb-991021c.ugb-feature:before{background-image:linear-gradient(90deg,#7bdcb5 0%,#8ed1fc 100%)}@media screen and (min-width:768px){.ugb-991021c .ugb-feature__item{grid-template-columns:0.70fr 1.30fr !important}}<\/style>\n<div class=\"ugb-bottom-separator\">\n<div class=\"ugb-separator-wrapper\">\u00a0<\/div>\n<\/div>\n<div class=\"ugb-inner-block\">\n<div class=\"ugb-block-content\">\n<div class=\"ugb-feature__item\">\n<div class=\"ugb-feature__content\">\n<h2 class=\"ugb-feature__title\">5. Juster estimater<\/h2>\n<p class=\"ugb-feature__description\">Med vores brugervenlige browserv\u00e6rkt\u00f8j kan du nemt justere systemgenererede estimater for bedre at afspejle fremtidige scenarier. Du kan endda gendanne automatiske estimater, s\u00e5 de er baseret p\u00e5 dine egne input.<\/p>\n<div class=\"ugb-button-container\"><a class=\"ugb-button ugb-button--size-normal ugb--hover-effect-scale-more\" href=\"https:\/\/www.valuatum.com\/support\/credit-risk-manual\/company-views\/\" target=\"_blank\" rel=\"noopener noreferrer\"><span class=\"ugb-button--inner\">L\u00e6s mere<\/span><\/a> <a class=\"ugb-button ugb-button--size-normal ugb--hover-effect-scale-more\" href=\"https:\/\/creditreports.dk\/da\/support\/credit-risk-manual-company-views\/#change_estimates\" target=\"_blank\" rel=\"noopener noreferrer\"><span class=\"ugb-button--inner\">Instruktioner<\/span><\/a><\/div>\n<\/div>\n<div class=\"ugb-feature__image-side\"><img loading=\"lazy\" decoding=\"async\" class=\"ugb-feature__image ugb-img wp-image-686\" src=\"https:\/\/creditreports.dk\/wp-content\/uploads\/sites\/9\/2020\/05\/change_estimates.png\" alt=\"The view when adjusting estimates.\" width=\"1177\" height=\"243\" srcset=\"https:\/\/creditreports.dk\/wp-content\/uploads\/sites\/9\/2020\/05\/change_estimates.png 1177w, https:\/\/creditreports.dk\/wp-content\/uploads\/sites\/9\/2020\/05\/change_estimates-300x62.png 300w, https:\/\/creditreports.dk\/wp-content\/uploads\/sites\/9\/2020\/05\/change_estimates-1024x211.png 1024w, https:\/\/creditreports.dk\/wp-content\/uploads\/sites\/9\/2020\/05\/change_estimates-768x159.png 768w\" sizes=\"(max-width: 1177px) 100vw, 1177px\" \/><\/div>\n<\/div>\n<\/div>\n<\/div>\n<\/div>\n\n<div id=\"\" class=\"alignfull wp-block-ugb-feature ugb-feature ugb-f08eb24 ugb-feature--v2 ugb-feature--design-plain ugb-feature--invert ugb-main-block ugb-main-block--inner-wide ugb--has-block-background ugb--has-background-overlay\"><style>.ugb-f08eb24 .ugb-img{border-radius:7px;width:580px;height:auto !important}.ugb-f08eb24 .ugb-feature__title{font-weight:700;color:#21691d}.ugb-f08eb24 .ugb-button{background-color:#8da38c;border-radius:100px !important}.ugb-f08eb24 .ugb-button .ugb-button--inner,.ugb-f08eb24 .ugb-button svg{color:#222222 !important}.ugb-f08eb24 .ugb-button:hover{opacity:0.5}.ugb-f08eb24 .ugb-button:before{border-radius:100px !important}.ugb-f08eb24 .ugb-inner-block{text-align:center}.ugb-f08eb24.ugb-feature{opacity:1 !important;margin-top:-140px !important;padding-top:35px !important;padding-bottom:35px !important;justify-content:center;background-color:#8ed1fc}.ugb-f08eb24.ugb-feature:before{background-image:linear-gradient(90deg,#8ed1fc 0%,#7bdcb5 100%)}@media screen and (min-width:768px){.ugb-f08eb24 .ugb-feature__item{grid-template-columns:1.30fr 0.70fr !important}}<\/style>\n<div class=\"ugb-inner-block\">\n<div class=\"ugb-block-content\">\n<div class=\"ugb-feature__item\">\n<div class=\"ugb-feature__content\">\n<h2 class=\"ugb-feature__title\">6. Udskriv kreditrapport<\/h2>\n<p class=\"ugb-feature__description\">N\u00e5r du er tilfreds med dine estimater, kan du udskrive en komplet kreditrapport med et klik p\u00e5 knappen. Rapporten inkluderer kreditrisiko, kreditvurdering og kreditgr\u00e6nse - som alle estimeres ved hj\u00e6lp af vores moderne maskinl\u00e6ringsmodel.<\/p>\n<div class=\"ugb-button-container\"><a class=\"ugb-button ugb-button--size-normal ugb--hover-effect-scale-more\" href=\"https:\/\/creditreports.dk\/da\/product\/\" target=\"_blank\" rel=\"noopener noreferrer\"><span class=\"ugb-button--inner\">L\u00e6s mere <\/span><\/a> <a class=\"ugb-button ugb-button--size-normal ugb--hover-effect-scale-more\" href=\"https:\/\/creditreports.dk\/da\/support\/credit-risk-manual-company-views\/#generate_reports\" target=\"_blank\" rel=\"noopener noreferrer\"><span class=\"ugb-button--inner\">Instruktioner <\/span><\/a><\/div>\n<\/div>\n<div class=\"ugb-feature__image-side\"><img loading=\"lazy\" decoding=\"async\" class=\"ugb-feature__image ugb-img wp-image-1693\" src=\"http:\/\/creditreports.dk\/wp-content\/uploads\/sites\/9\/2020\/08\/report_front.png\" width=\"580\" height=\"640\" srcset=\"https:\/\/creditreports.dk\/wp-content\/uploads\/sites\/9\/2020\/08\/report_front.png 580w, https:\/\/creditreports.dk\/wp-content\/uploads\/sites\/9\/2020\/08\/report_front-272x300.png 272w\" sizes=\"(max-width: 580px) 100vw, 580px\" \/><\/div>\n<\/div>\n<\/div>\n<\/div>\n<\/div>\n\n<p data-block-type=\"core\">\u00a0<\/p>\n\t\t\t\t\t\t\t\t<\/div>\n\t\t\t\t<\/div>\n\t\t\t\t\t<\/div>\n\t\t<\/div>\n\t\t\t\t\t<\/div>\n\t\t<\/section>\n\t\t\t\t<\/div>","protected":false},"excerpt":{"rendered":"<p>GET STARTED WITH CREDITREPORTS.DK CREDIT REPORTS Here you will find step-by-step instructions on how to get started with our service and gain access to hundreds of thousands of companies&#8217; financial data and credit ratings in just a few minutes. If you have already registered and are looking for support regarding the use of the system, please press the button below to see our support page. You can also contact us directly. Support page \u00a0 1. Register to the system Register&hellip;<\/p>","protected":false},"author":1,"featured_media":0,"parent":17,"menu_order":0,"comment_status":"closed","ping_status":"closed","template":"page-templates\/template-services.php","meta":{"om_disable_all_campaigns":false,"advgb_blocks_editor_width":"","advgb_blocks_columns_visual_guide":"enable","_monsterinsights_skip_tracking":false,"_monsterinsights_sitenote_active":false,"_monsterinsights_sitenote_note":"","_monsterinsights_sitenote_category":0,"footnotes":""},"class_list":["post-1940","page","type-page","status-publish","hentry"],"aioseo_notices":[],"featured_image_urls_v2":{"full":"","thumbnail":"","medium":"","medium_large":"","large":"","1536x1536":"","2048x2048":"","trp-custom-language-flag":"","portfolio":""},"post_excerpt_stackable_v2":"<p>GET STARTED WITH CREDITREPORTS.DK CREDIT REPORTS Here you will find step-by-step instructions on how to get started with our service and gain access to hundreds of thousands of companies&#8217; financial data and credit ratings in just a few minutes. If you have already registered and are looking for support regarding the use of the system, please press the button below to see our support page. You can also contact us directly. Support page \u00a0 1. Register to the system Register by filling the necessary details. After registration you will receive an email and will be directed to the login page.&hellip;<\/p>\n","category_list_v2":"","author_info_v2":{"name":"valuatum","url":"https:\/\/creditreports.dk\/da\/author\/valuatum\/"},"comments_num_v2":"0 comments","coauthors":[],"author_meta":{"author_link":"https:\/\/creditreports.dk\/da\/author\/valuatum\/","display_name":"valuatum"},"relative_dates":{"created":"Udgivet 5 \u00e5r siden","modified":"Opdateret 3 \u00e5r siden"},"absolute_dates":{"created":"Udgivet juni 11, 2021","modified":"Opdateret juni 28, 2023"},"absolute_dates_time":{"created":"Udgivet juni 11, 2021 9:28 am","modified":"Opdateret juni 28, 2023 3:41 pm"},"featured_img_caption":"","featured_img":false,"series_order":"","_links":{"self":[{"href":"https:\/\/creditreports.dk\/da\/wp-json\/wp\/v2\/pages\/1940","targetHints":{"allow":["GET"]}}],"collection":[{"href":"https:\/\/creditreports.dk\/da\/wp-json\/wp\/v2\/pages"}],"about":[{"href":"https:\/\/creditreports.dk\/da\/wp-json\/wp\/v2\/types\/page"}],"author":[{"embeddable":true,"href":"https:\/\/creditreports.dk\/da\/wp-json\/wp\/v2\/users\/1"}],"replies":[{"embeddable":true,"href":"https:\/\/creditreports.dk\/da\/wp-json\/wp\/v2\/comments?post=1940"}],"version-history":[{"count":10,"href":"https:\/\/creditreports.dk\/da\/wp-json\/wp\/v2\/pages\/1940\/revisions"}],"predecessor-version":[{"id":2539,"href":"https:\/\/creditreports.dk\/da\/wp-json\/wp\/v2\/pages\/1940\/revisions\/2539"}],"up":[{"embeddable":true,"href":"https:\/\/creditreports.dk\/da\/wp-json\/wp\/v2\/pages\/17"}],"wp:attachment":[{"href":"https:\/\/creditreports.dk\/da\/wp-json\/wp\/v2\/media?parent=1940"}],"curies":[{"name":"wp","href":"https:\/\/api.w.org\/{rel}","templated":true}]}}