{"id":1770,"date":"2020-09-15T11:05:52","date_gmt":"2020-09-15T08:05:52","guid":{"rendered":"https:\/\/creditreports.dk\/?page_id=1770"},"modified":"2020-12-22T11:08:44","modified_gmt":"2020-12-22T08:08:44","slug":"credit-risk-management","status":"publish","type":"page","link":"https:\/\/creditreports.dk\/da\/support\/kreditrisiko\/","title":{"rendered":"Kreditrisikostyring"},"content":{"rendered":"<div class=\"alignfull wp-block-ugb-header ugb-header ugb-e1d0201 ugb-header ugb-header--v3 ugb-header--design-plain ugb-main-block ugb-main-block--inner-wide ugb--has-block-background ugb--has-background-overlay\" id=\"\"><div class=\"ugb-inner-block\"><div class=\"ugb-block-content\"><div class=\"ugb-header__item\"><div class=\"ugb-content-wrapper\"><h1 class=\"ugb-header__title\">KREDITRISIKOSTYRNING<\/h1><p class=\"ugb-header__subtitle\">Denne side forklarer, hvordan vores v\u00e6rkt\u00f8jer kan bruges til at underst\u00f8tte virksomheders risikostyring.<\/p><\/div><\/div><\/div><\/div><\/div>\n\n\n\n<div class=\"alignfull wp-block-ugb-container ugb-container ugb-8ab9bd5 ugb-container--v2 ugb-container--design-basic ugb-main-block ugb-main-block--inner-full ugb--has-block-background\" id=\"\"><div class=\"ugb-inner-block\"><div class=\"ugb-block-content\"><div class=\"ugb-container__wrapper ugb-8ab9bd5-wrapper ugb--shadow-0\"><div class=\"ugb-container__side\"><div class=\"ugb-container__content-wrapper ugb-8ab9bd5-content-wrapper\">\n<h2 class=\"wp-block-heading\" data-block-type=\"core\">Kreditrisikostyring<\/h2>\n\n\n\n<p data-block-type=\"core\">Kreditrisiko henviser til sandsynligheden for, at kunden eller l\u00e5ntager ikke overholder vilk\u00e5rene i kreditkontrakten. Risikoniveauet p\u00e5virkes af b\u00e5de interne og eksterne faktorer. Interne faktorer inkluderer solvens, rentabilitet og likviditet. Dette er faktorer, som virksomheden kan p\u00e5virke selv. Eksterne faktorer vedr\u00f8rer shock, virksomheden ikke kan p\u00e5virke eller \u00e6ndre, i hele branchen eller i det makro\u00f8konomiske milj\u00f8. Flere oplysninger om risiko <a href=\"https:\/\/creditreports.dk\/da\/product\/credit-risk-assessment-methods\/\">metoder<\/a> siden.<\/p>\n\n\n\n<h2 class=\"wp-block-heading\" data-block-type=\"core\"><\/h2>\n\n\n\n<p data-block-type=\"core\">Kreditrisikostyring henviser til den enkelte virksomhedsprocesser til styring af tilgodehavender og l\u00e5ntagere. Dette er bankers og kreditinstitutters kerneforretning, men relevant for alle virksomheder, der s\u00e6lger p\u00e5 kredit. Vores service fokuserer p\u00e5 at estimere andre virksomheders kreditrisiko og producere de relevante oplysninger mest effektivt til at underst\u00f8tte s\u00e6lgers kreditrisikostyring i B2B-forretning.<br><\/p>\n\n\n\n<p data-block-type=\"core\">Omfanget af kreditrisikostyring afh\u00e6nger typisk af antallet og typen af kunder, der s\u00e6lges til p\u00e5 kredit. Sm\u00e5 eller mellemstore virksomheder, der s\u00e6lger til nogle f\u00e5 kunder, klarer sig muligvis bare ved at kontrollere kundernes kreditvurderinger og nogle finansielle oplysninger fra kreditrapporten. Vores service tilbyder tre rapporter gratis hver m\u00e5ned, og brugerne kan hurtigt kontrollere vurderingshistorien, foresl\u00e5et kreditgr\u00e6nse og sammenligninger inden for branchen. St\u00f8rre virksomheder opretter normalt processer baseret p\u00e5 kreditbel\u00f8bet, s\u00e5 er bel\u00f8bet st\u00f8rre end en bestemt gr\u00e6nse, f.eks. 10 000 DKK eller 100 000 DKK, skal der foretages en mere grundig evaluering. Vores rapporter giver omfattende information om virksomheden samt mulighed for at oprette dine egne sk\u00f8n, der muligg\u00f8r grundig kreditrisikovurdering og f\u00f8lsomhedsanalyse.<\/p>\n\n\n\n<figure class=\"wp-block-image size-large\" data-block-type=\"core\"><img fetchpriority=\"high\" decoding=\"async\" width=\"1024\" height=\"576\" src=\"https:\/\/creditreports.dk\/wp-content\/uploads\/sites\/9\/2020\/09\/credit-risk-management-1024x576.jpg\" alt=\"\" class=\"wp-image-1790\" srcset=\"\" sizes=\"(max-width: 1024px) 100vw, 1024px\" data-srcset=\"\" \/><\/figure>\n\n\n\n<p data-block-type=\"core\">Billedet ovenfor beskriver et eksempel p\u00e5 kreditrisikostyring i praksis. En mellemstor virksomhed har tre niveauer for godkendelse af deres kreditbeslutninger for tilgodehavender. Hvis fakturabel\u00f8bet er lille nok, kan en individuel salgsagent tr\u00e6ffe beslutningerne efter en hurtig kontrol af vurdering og kreditgr\u00e6nse. For st\u00f8rre bel\u00f8b tr\u00e6ffes kreditbeslutningen af risikostyreren eller controller i \u00f8konomiafdelingen. St\u00f8rste kreditter er godkendt af CEO eller CFO. Creditreports.dk tilbyder en r\u00e6kke forskellige v\u00e6rkt\u00f8jer til hvert niveau af risikovurdering.<\/p>\n<\/div><\/div><\/div><\/div><\/div><\/div>\n\n\n\n<p data-block-type=\"core\"><\/p>\n<style class=\"advgb-styles-renderer\">.ugb-e1d0201 .ugb-header__title{font-family:\"Poppins\",Sans-serif !important;font-size:56px;font-weight:500;letter-spacing:0.5px;text-align:left !important}.ugb-e1d0201 .ugb-inner-block{text-align:left}.ugb-e1d0201.ugb-header{justify-content:flex-start;background-color:#ffffff;background-image:url(https:\/\/d3gt1urn7320t9.cloudfront.net\/library\/block-cta-elevate-call-to-action\/block-background-background-media-url.jpg)}.ugb-e1d0201.ugb-header > .ugb-inner-block{width:906px !important;min-width:auto !important}.ugb-e1d0201.ugb-header:before{background-color:#ffffff;opacity:0.9}@media screen and (max-width:768px){.ugb-e1d0201.ugb-header{min-height:50vh !important}}.ugb-8ab9bd5-wrapper.ugb-container__wrapper{border-radius:0px !important}.ugb-8ab9bd5-wrapper > .ugb-container__side{align-items:center !important}.ugb-8ab9bd5-content-wrapper.ugb-container__content-wrapper{width:65% !important}.ugb-8ab9bd5.ugb-container{padding-right:0px !important;padding-left:0px !important}.ugb-8ab9bd5{padding:0 !important}@media screen and (max-width:768px){.ugb-8ab9bd5-content-wrapper.ugb-container__content-wrapper{width:100% !important}}<\/style>","protected":false},"excerpt":{"rendered":"<p>MANAGING CREDIT RISKS This page explains how our tools can be used to support companies&#8217; risk management. Credit Risk Management Credit risk refers to the likelihood of customer\u2019s or borrower\u2019s failure to comply with the terms of the credit contract. Level of risk is affected by both internal and external factors. Internal factors include solvency, profitability and liquidity. These are factors the company can influence itself. External factors relate to shocks the company cannot influence or changes in the whole&hellip;<\/p>","protected":false},"author":1,"featured_media":0,"parent":17,"menu_order":0,"comment_status":"closed","ping_status":"closed","template":"","meta":{"om_disable_all_campaigns":false,"advgb_blocks_editor_width":"","advgb_blocks_columns_visual_guide":"","_monsterinsights_skip_tracking":false,"_monsterinsights_sitenote_active":false,"_monsterinsights_sitenote_note":"","_monsterinsights_sitenote_category":0,"footnotes":""},"class_list":["post-1770","page","type-page","status-publish","hentry"],"aioseo_notices":[],"featured_image_urls_v2":{"full":"","thumbnail":"","medium":"","medium_large":"","large":"","1536x1536":"","2048x2048":"","trp-custom-language-flag":"","portfolio":""},"post_excerpt_stackable_v2":"<p>MANAGING CREDIT RISKSThis page explains how our tools can be used to support companies&#8217; risk management. Credit Risk Management Credit risk refers to the likelihood of customer\u2019s or borrower\u2019s failure to comply with the terms of the credit contract. Level of risk is affected by both internal and external factors. Internal factors include solvency, profitability and liquidity. These are factors the company can influence itself. External factors relate to shocks the company cannot influence or changes in the whole industry or macroeconomic environment. More information about risk assessment is presented on the methods page. Credit risk management refers to individual&hellip;<\/p>\n","category_list_v2":"","author_info_v2":{"name":"valuatum","url":"https:\/\/creditreports.dk\/da\/author\/valuatum\/"},"comments_num_v2":"0 comments","coauthors":[],"author_meta":{"author_link":"https:\/\/creditreports.dk\/da\/author\/valuatum\/","display_name":"valuatum"},"relative_dates":{"created":"Udgivet 6 \u00e5r siden","modified":"Opdateret 5 \u00e5r siden"},"absolute_dates":{"created":"Udgivet september 15, 2020","modified":"Opdateret december 22, 2020"},"absolute_dates_time":{"created":"Udgivet september 15, 2020 11:05 am","modified":"Opdateret december 22, 2020 11:08 am"},"featured_img_caption":"","featured_img":false,"series_order":"","_links":{"self":[{"href":"https:\/\/creditreports.dk\/da\/wp-json\/wp\/v2\/pages\/1770","targetHints":{"allow":["GET"]}}],"collection":[{"href":"https:\/\/creditreports.dk\/da\/wp-json\/wp\/v2\/pages"}],"about":[{"href":"https:\/\/creditreports.dk\/da\/wp-json\/wp\/v2\/types\/page"}],"author":[{"embeddable":true,"href":"https:\/\/creditreports.dk\/da\/wp-json\/wp\/v2\/users\/1"}],"replies":[{"embeddable":true,"href":"https:\/\/creditreports.dk\/da\/wp-json\/wp\/v2\/comments?post=1770"}],"version-history":[{"count":5,"href":"https:\/\/creditreports.dk\/da\/wp-json\/wp\/v2\/pages\/1770\/revisions"}],"predecessor-version":[{"id":1892,"href":"https:\/\/creditreports.dk\/da\/wp-json\/wp\/v2\/pages\/1770\/revisions\/1892"}],"up":[{"embeddable":true,"href":"https:\/\/creditreports.dk\/da\/wp-json\/wp\/v2\/pages\/17"}],"wp:attachment":[{"href":"https:\/\/creditreports.dk\/da\/wp-json\/wp\/v2\/media?parent=1770"}],"curies":[{"name":"wp","href":"https:\/\/api.w.org\/{rel}","templated":true}]}}