{"id":17,"date":"2018-06-14T10:56:20","date_gmt":"2018-06-14T10:56:20","guid":{"rendered":"http:\/\/creditrisk.valuatum.com\/?page_id=17"},"modified":"2024-04-17T10:26:30","modified_gmt":"2024-04-17T07:26:30","slug":"support","status":"publish","type":"page","link":"https:\/\/creditreports.dk\/da\/support\/","title":{"rendered":"Support"},"content":{"rendered":"<div class=\"alignfull wp-block-ugb-container ugb-container ugb-container--width-small ugb-db7648e ugb-container--v2 ugb-container--design-plain ugb-main-block ugb--has-custom-content-width ugb-main-block--inner-center ugb--has-block-background ugb--has-background-overlay\"><div class=\"ugb-inner-block ugb-inner-block--center\"><div class=\"ugb-block-content\"><div class=\"ugb-container__wrapper ugb-db7648e-wrapper\"><div class=\"ugb-container__side\"><div class=\"ugb-container__content-wrapper ugb-db7648e-content-wrapper\">\n<div class=\"alignfull wp-block-ugb-notification ugb-notification ugb-5c3a716 ugb-notification--v2 ugb-notification--design-basic ugb-notification--type-info ugb-main-block ugb-main-block--inner-wide ugb--has-block-background ugb--has-background-overlay\"><div class=\"ugb-inner-block ugb-inner-block--wide\"><div class=\"ugb-block-content\"><div class=\"ugb-notification__item ugb-notification--new-icon ugb--shadow-3 ugb--has-background-overlay\"><h1 class=\"ugb-notification__title\">Velkommen til CreditReports.dk Supportside<\/h1><p class=\"ugb-notification__description\">Du finder svar p\u00e5 de mest almindelige sp\u00f8rgsm\u00e5l og problemer ved at f\u00f8lge nedenst\u00e5ende links. Hvis du ikke kunne finde det, du ledte efter, kan du altid <a href=\"https:\/\/creditreports.dk\/da\/contact\/\">kontakte os<\/a> og vi vender tilbage til dig.<br><br>Tak fordi du bruger vores Kreditrisikorapportplatform!<\/p><\/div><\/div><\/div><\/div>\n<\/div><\/div><\/div><\/div><\/div><\/div>\n\n\n\n<div class=\"alignfull wp-block-ugb-feature-grid ugb-feature-grid ugb-54cfd7e ugb-feature-grid--v2 ugb-feature-grid--columns-3 ugb-feature-grid--design-plain ugb-main-block ugb-main-block--inner-wide ugb--has-block-background ugb--has-background-overlay\"><div class=\"ugb-inner-block ugb-inner-block--wide\"><div class=\"ugb-block-content\"><div class=\"ugb-feature-grid__item ugb-feature-grid__item1\"><div class=\"ugb-feature-grid__image\"><img decoding=\"async\" class=\"ugb-img wp-image-815\" src=\"https:\/\/creditreports.dk\/wp-content\/uploads\/sites\/9\/2020\/05\/started-300x300.png\" alt=\"Kom i Gang\" title=\"\" width=\"90\" srcset=\"https:\/\/creditreports.dk\/wp-content\/uploads\/sites\/9\/2020\/05\/started-300x300.png 300w, https:\/\/creditreports.dk\/wp-content\/uploads\/sites\/9\/2020\/05\/started-150x150.png 150w, https:\/\/creditreports.dk\/wp-content\/uploads\/sites\/9\/2020\/05\/started.png 512w\" sizes=\"(max-width: 300px) 100vw, 300px\" \/><\/div><div class=\"ugb-feature-grid__content\"><h5 class=\"ugb-feature-grid__title\">Kom i Gang<\/h5><p class=\"ugb-feature-grid__description\">For at komme i gang med vores kreditrisikorapportplatform<\/p><div class=\"ugb-button-container\"><a class=\"ugb-button ugb-button--size-normal\" href=\"https:\/\/creditreports.dk\/da\/support\/get-started\/\" rel=\"\" title=\"\"><span class=\"ugb-button--inner\">Kom i Gang<\/span><\/a><\/div><\/div><\/div><div class=\"ugb-feature-grid__item ugb-feature-grid__item2\"><div class=\"ugb-feature-grid__image\"><img decoding=\"async\" class=\"ugb-img wp-image-816\" src=\"https:\/\/creditreports.dk\/wp-content\/uploads\/sites\/9\/2020\/05\/moreinfo-1-300x300.png\" alt=\"Supportportal\" title=\"\" width=\"90\" srcset=\"https:\/\/creditreports.dk\/wp-content\/uploads\/sites\/9\/2020\/05\/moreinfo-1-300x300.png 300w, https:\/\/creditreports.dk\/wp-content\/uploads\/sites\/9\/2020\/05\/moreinfo-1-150x150.png 150w, https:\/\/creditreports.dk\/wp-content\/uploads\/sites\/9\/2020\/05\/moreinfo-1.png 512w\" sizes=\"(max-width: 300px) 100vw, 300px\" \/><\/div><div class=\"ugb-feature-grid__content\"><h5 class=\"ugb-feature-grid__title\">Kreditrisiko manual<\/h5><p class=\"ugb-feature-grid__description\">For detaljerede oplysninger om, hvordan du bruger systemet<\/p><div class=\"ugb-button-container\"><a class=\"ugb-button ugb-button--size-normal\" href=\"https:\/\/creditreports.dk\/da\/support\/credit-risk-manual\/\" rel=\"\" title=\"\"><span class=\"ugb-button--inner\">Kreditrisiko manual<\/span><\/a><\/div><\/div><\/div><div class=\"ugb-feature-grid__item ugb-feature-grid__item3\"><div class=\"ugb-feature-grid__image\"><img decoding=\"async\" class=\"ugb-img wp-image-817\" src=\"https:\/\/creditreports.dk\/wp-content\/uploads\/sites\/9\/2020\/05\/product-300x300.png\" alt=\"Produkt \" title=\"\" width=\"90\" srcset=\"https:\/\/creditreports.dk\/wp-content\/uploads\/sites\/9\/2020\/05\/product-300x300.png 300w, https:\/\/creditreports.dk\/wp-content\/uploads\/sites\/9\/2020\/05\/product-150x150.png 150w, https:\/\/creditreports.dk\/wp-content\/uploads\/sites\/9\/2020\/05\/product.png 512w\" sizes=\"(max-width: 300px) 100vw, 300px\" \/><\/div><div class=\"ugb-feature-grid__content\"><h5 class=\"ugb-feature-grid__title\">Produkt <\/h5><p class=\"ugb-feature-grid__description\">For mere information om vores kreditrisikorapportplatform<\/p><div class=\"ugb-button-container\"><a class=\"ugb-button ugb-button--size-normal\" href=\"https:\/\/creditreports.dk\/da\/product\/\" rel=\"\" title=\"\"><span class=\"ugb-button--inner\">Produktinformation<\/span><\/a><\/div><\/div><\/div><\/div><\/div><\/div>\n\n\n\n<div class=\"alignfull wp-block-ugb-feature-grid ugb-feature-grid ugb-360ff21 ugb-feature-grid--v2 ugb-feature-grid--columns-3 ugb-feature-grid--design-plain ugb-main-block ugb-main-block--inner-wide ugb--has-block-background ugb--has-background-overlay\"><div class=\"ugb-inner-block ugb-inner-block--wide\"><div class=\"ugb-block-content\"><div class=\"ugb-feature-grid__item ugb-feature-grid__item1\"><div class=\"ugb-feature-grid__image\"><img decoding=\"async\" class=\"ugb-img wp-image-818\" src=\"https:\/\/creditreports.dk\/wp-content\/uploads\/sites\/9\/2020\/05\/models-300x300.png\" alt=\"Kreditrisikomodeller\" title=\"\" width=\"90\" srcset=\"https:\/\/creditreports.dk\/wp-content\/uploads\/sites\/9\/2020\/05\/models-300x300.png 300w, https:\/\/creditreports.dk\/wp-content\/uploads\/sites\/9\/2020\/05\/models-150x150.png 150w, https:\/\/creditreports.dk\/wp-content\/uploads\/sites\/9\/2020\/05\/models.png 512w\" sizes=\"(max-width: 300px) 100vw, 300px\" \/><\/div><div class=\"ugb-feature-grid__content\"><h5 class=\"ugb-feature-grid__title\">Kreditrisikomodeller<\/h5><p class=\"ugb-feature-grid__description\">For mere information om vores kreditrisikomodeller<\/p><div class=\"ugb-button-container\"><a class=\"ugb-button ugb-button--size-normal\" href=\"https:\/\/creditreports.dk\/da\/product\/credit-risk-assessment-methods\/\" rel=\"\" title=\"\"><span class=\"ugb-button--inner\">Modeldokumentation<\/span><\/a><\/div><\/div><\/div><div class=\"ugb-feature-grid__item ugb-feature-grid__item2\"><div class=\"ugb-feature-grid__image\"><img decoding=\"async\" class=\"ugb-img wp-image-2706\" src=\"https:\/\/creditreports.dk\/wp-content\/uploads\/sites\/9\/2024\/03\/faq-1-300x300.png\" alt=\"FAQ\" title=\"\" width=\"90\" srcset=\"https:\/\/creditreports.dk\/wp-content\/uploads\/sites\/9\/2024\/03\/faq-1-300x300.png 300w, https:\/\/creditreports.dk\/wp-content\/uploads\/sites\/9\/2024\/03\/faq-1-150x150.png 150w, https:\/\/creditreports.dk\/wp-content\/uploads\/sites\/9\/2024\/03\/faq-1-12x12.png 12w, https:\/\/creditreports.dk\/wp-content\/uploads\/sites\/9\/2024\/03\/faq-1.png 512w\" sizes=\"(max-width: 300px) 100vw, 300px\" \/><\/div><div class=\"ugb-feature-grid__content\"><h5 class=\"ugb-feature-grid__title\">FAQ<\/h5><p class=\"ugb-feature-grid__description\">For detaljer om, hvordan vi beregner specifikke variabler p\u00e5 vores platform<\/p><div class=\"ugb-button-container\"><a class=\"ugb-button ugb-button--size-normal\" href=\"https:\/\/creditreports.dk\/da\/support\/faq\/\" rel=\"\" title=\"\"><span class=\"ugb-button--inner\">FAQ<\/span><\/a><\/div><\/div><\/div><div class=\"ugb-feature-grid__item ugb-feature-grid__item3\"><div class=\"ugb-feature-grid__image\"><img decoding=\"async\" class=\"ugb-img wp-image-2712\" src=\"https:\/\/creditreports.dk\/wp-content\/uploads\/sites\/9\/2024\/04\/platform_tutorials_V2-300x300.png\" alt=\"Platform tutorials\" title=\"\" width=\"90\" srcset=\"https:\/\/creditreports.dk\/wp-content\/uploads\/sites\/9\/2024\/04\/platform_tutorials_V2-300x300.png 300w, https:\/\/creditreports.dk\/wp-content\/uploads\/sites\/9\/2024\/04\/platform_tutorials_V2-150x150.png 150w, https:\/\/creditreports.dk\/wp-content\/uploads\/sites\/9\/2024\/04\/platform_tutorials_V2-12x12.png 12w, https:\/\/creditreports.dk\/wp-content\/uploads\/sites\/9\/2024\/04\/platform_tutorials_V2.png 512w\" sizes=\"(max-width: 300px) 100vw, 300px\" \/><\/div><div class=\"ugb-feature-grid__content\"><h5 class=\"ugb-feature-grid__title\">Platform tutorials<\/h5><p class=\"ugb-feature-grid__description\">Til b\u00e5de video- og tekstvejledninger om, hvordan du bruger vores platform<\/p><div class=\"ugb-button-container\"><a class=\"ugb-button ugb-button--size-normal\" href=\"https:\/\/creditreports.dk\/da\/support\/platform-tutorials\/\" rel=\"\" title=\"\"><span class=\"ugb-button--inner\">Platform tutorials<\/span><\/a><\/div><\/div><\/div><\/div><\/div><\/div>\n<style class=\"advgb-styles-renderer\">.ugb-db7648e.ugb-container{justify-content:center}.ugb-db7648e.ugb-container > .ugb-inner-block{max-width:2000px !important}.ugb-db7648e{padding:0 !important}.ugb-db7648e.ugb-container:before{background-image:linear-gradient(90deg,rgba(238,238,238,0) 0%,#eeeeee 100%)}@media screen and (min-width:768px){.ugb-db7648e.ugb-container{margin-top:-60px !important;padding-top:0px !important;padding-right:0px !important;padding-bottom:0px !important;padding-left:0px !important}}.ugb-5c3a716 .ugb-notification__item{border-radius:0px !important;background-color:#ffffff !important}.ugb-5c3a716 .ugb-notification__item:before{background-image:linear-gradient(90deg,#ffffff 0%,#eeeeee 100%) !important}.ugb-5c3a716 .ugb-notification__title{font-weight:300 !important;color:#06136a !important;text-align:center !important;margin-bottom:0px !important}.ugb-5c3a716 .ugb-notification__description{color:#505152 !important;text-align:center !important;margin-bottom:-21px !important}.ugb-5c3a716 .ugb-inner-block{text-align:left}.ugb-5c3a716{padding:0 !important}.ugb-5c3a716.ugb-notification:before{background-image:linear-gradient(90deg,rgba(238,238,238,0) 0%,#eeeeee 100%)}@media screen and (min-width:768px){.ugb-5c3a716.ugb-notification{margin-top:-20px !important;margin-bottom:-30px !important;padding-top:0px !important;padding-right:0px !important;padding-bottom:0px !important;padding-left:0px !important}}@media screen and (min-width:768px){.ugb-5c3a716 > .ugb-inner-block > .ugb-block-content > *{padding-top:60px !important;padding-bottom:60px !important;padding-right:40px !important;padding-left:40px !important}}.ugb-54cfd7e .ugb-img{width:90px;height:auto !important}.ugb-54cfd7e .ugb-feature-grid__title{font-size:25px !important}.ugb-54cfd7e .ugb-feature-grid__description{font-size:19px !important}.ugb-54cfd7e .ugb-button{background-color:#8ed1fc;border-radius:100px !important}.ugb-54cfd7e .ugb-button .ugb-button--inner,.ugb-54cfd7e .ugb-button svg:not(.ugb-custom-icon){color:#424345 !important}.ugb-54cfd7e .ugb-button:before{border-radius:100px !important}.ugb-54cfd7e.ugb-feature-grid:before{background-image:linear-gradient(90deg,rgba(238,238,238,0) 0%,#eeeeee 100%);mix-blend-mode:color}@media screen and (min-width:768px){.ugb-54cfd7e.ugb-feature-grid{padding-top:1% !important;padding-right:17% !important;padding-bottom:1% !important;padding-left:17% !important}}@media screen and (min-width:768px) and (max-width:1025px){.ugb-54cfd7e .ugb-feature-grid__image{margin-bottom:30px !important}.ugb-54cfd7e .ugb-button-container{margin-bottom:25px !important}}.ugb-360ff21 .ugb-img{width:90px;height:auto !important}.ugb-360ff21 .ugb-feature-grid__title{font-size:25px !important}.ugb-360ff21 .ugb-feature-grid__description{font-size:19px !important}.ugb-360ff21 .ugb-button{background-color:#8ed1fc;border-radius:100px !important}.ugb-360ff21 .ugb-button .ugb-button--inner,.ugb-360ff21 .ugb-button svg:not(.ugb-custom-icon){color:#424345 !important}.ugb-360ff21 .ugb-button:before{border-radius:100px !important}.ugb-360ff21.ugb-feature-grid:before{background-image:linear-gradient(90deg,rgba(238,238,238,0) 0%,#eeeeee 100%);mix-blend-mode:color}@media screen and (min-width:768px){.ugb-360ff21.ugb-feature-grid{padding-top:1% !important;padding-right:17% !important;padding-bottom:2% !important;padding-left:17% !important}}@media screen and (min-width:768px) and (max-width:1025px){.ugb-360ff21 .ugb-feature-grid__image{margin-bottom:30px !important}.ugb-360ff21 .ugb-button-container{margin-bottom:25px !important}}@media screen and (min-width:768px){.ugb-360ff21 > .ugb-inner-block > .ugb-block-content > *{padding-top:0px !important;padding-bottom:0px !important;padding-right:0px !important;padding-left:0px !important}}<\/style>","protected":false},"excerpt":{"rendered":"<p>Welcome to CreditReports.dk Support Page You will find answers to most common questions and problems by following the links below. If you could not find what you were looking for, you can always contact us and we will get back to you. Thank you for using our Credit Risk Report platform! Get started For how to get started with our Credit risk report platform Get started Credit risk manual For detailed instructions on how to use the system Credit risk&hellip;<\/p>","protected":false},"author":1,"featured_media":0,"parent":0,"menu_order":0,"comment_status":"closed","ping_status":"closed","template":"","meta":{"om_disable_all_campaigns":false,"advgb_blocks_editor_width":"","advgb_blocks_columns_visual_guide":"","_monsterinsights_skip_tracking":false,"_monsterinsights_sitenote_active":false,"_monsterinsights_sitenote_note":"","_monsterinsights_sitenote_category":0,"footnotes":""},"class_list":["post-17","page","type-page","status-publish","hentry"],"aioseo_notices":[],"featured_image_urls_v2":{"full":"","thumbnail":"","medium":"","medium_large":"","large":"","1536x1536":"","2048x2048":"","trp-custom-language-flag":"","portfolio":""},"post_excerpt_stackable_v2":"<p>Welcome to CreditReports.dk Support PageYou will find answers to most common questions and problems by following the links below. If you could not find what you were looking for, you can always contact us and we will get back to you.Thank you for using our Credit Risk Report platform! Get startedFor how to get started with our Credit risk report platformGet startedCredit risk manualFor detailed instructions on how to use the systemCredit risk manualProduct For more information about our credit risk report platformProduct information Credit risk modelsFor more information about our credit risk modelsModel documentationFAQFor details on how we calculate&hellip;<\/p>\n","category_list_v2":"","author_info_v2":{"name":"valuatum","url":"https:\/\/creditreports.dk\/da\/author\/valuatum\/"},"comments_num_v2":"0 comments","coauthors":[],"author_meta":{"author_link":"https:\/\/creditreports.dk\/da\/author\/valuatum\/","display_name":"valuatum"},"relative_dates":{"created":"Udgivet 8 \u00e5r siden","modified":"Opdateret 2 \u00e5r siden"},"absolute_dates":{"created":"Udgivet juni 14, 2018","modified":"Opdateret april 17, 2024"},"absolute_dates_time":{"created":"Udgivet juni 14, 2018 10:56 am","modified":"Opdateret april 17, 2024 10:26 am"},"featured_img_caption":"","featured_img":false,"series_order":"","_links":{"self":[{"href":"https:\/\/creditreports.dk\/da\/wp-json\/wp\/v2\/pages\/17","targetHints":{"allow":["GET"]}}],"collection":[{"href":"https:\/\/creditreports.dk\/da\/wp-json\/wp\/v2\/pages"}],"about":[{"href":"https:\/\/creditreports.dk\/da\/wp-json\/wp\/v2\/types\/page"}],"author":[{"embeddable":true,"href":"https:\/\/creditreports.dk\/da\/wp-json\/wp\/v2\/users\/1"}],"replies":[{"embeddable":true,"href":"https:\/\/creditreports.dk\/da\/wp-json\/wp\/v2\/comments?post=17"}],"version-history":[{"count":10,"href":"https:\/\/creditreports.dk\/da\/wp-json\/wp\/v2\/pages\/17\/revisions"}],"predecessor-version":[{"id":2746,"href":"https:\/\/creditreports.dk\/da\/wp-json\/wp\/v2\/pages\/17\/revisions\/2746"}],"wp:attachment":[{"href":"https:\/\/creditreports.dk\/da\/wp-json\/wp\/v2\/media?parent=17"}],"curies":[{"name":"wp","href":"https:\/\/api.w.org\/{rel}","templated":true}]}}