{"id":1586,"date":"2020-08-18T09:32:12","date_gmt":"2020-08-18T06:32:12","guid":{"rendered":"https:\/\/creditreports.dk\/?page_id=1586"},"modified":"2021-09-16T11:44:49","modified_gmt":"2021-09-16T08:44:49","slug":"company-valuation-tool","status":"publish","type":"page","link":"https:\/\/creditreports.dk\/da\/produkter\/virksomhedsvurdering\/","title":{"rendered":"Virksomhedsvurdering"},"content":{"rendered":"<div class=\"alignfull wp-block-ugb-header ugb-header ugb-81b09e3 ugb-header ugb-header--v3 ugb-header--design-plain ugb-main-block ugb-main-block--inner-wide ugb--has-block-background ugb--has-background-overlay\" id=\"\"><div class=\"ugb-inner-block\"><div class=\"ugb-block-content\"><div class=\"ugb-header__item\"><div class=\"ugb-content-wrapper\"><h1 class=\"ugb-header__title\">VIRKSOMHEDSVURDERING<\/h1><p class=\"ugb-header__subtitle\">Vi giver dig et p\u00e5lideligt sk\u00f8n over en virksomheds v\u00e6rdi. Som i vores kreditrapporter kan v\u00e6rdians\u00e6ttelsesrapporten enten genereres ved hj\u00e6lp af automatisk genererede estimater eller brugermodificerede scenarier.<\/p><\/div><\/div><\/div><\/div><\/div>\n\n\n\n<div class=\"alignfull wp-block-ugb-container ugb-container ugb-6011e3b ugb-container--v2 ugb-container--design-basic ugb-main-block ugb-main-block--inner-full ugb--has-block-background\" id=\"\"><div class=\"ugb-inner-block\"><div class=\"ugb-block-content\"><div class=\"ugb-container__wrapper ugb-6011e3b-wrapper ugb--shadow-0\"><div class=\"ugb-container__side\"><div class=\"ugb-container__content-wrapper ugb-6011e3b-content-wrapper\">\n<h2 class=\"wp-block-heading\" data-block-type=\"core\"><strong>Funktion<\/strong><\/h2>\n\n\n\n<div class=\"wp-block-columns is-layout-flex wp-container-core-columns-is-layout-9d6595d7 wp-block-columns-is-layout-flex\" data-block-type=\"core\">\n<div class=\"wp-block-column is-layout-flow wp-block-column-is-layout-flow\" data-block-type=\"core\">\n<p data-block-type=\"core\">Vores v\u00e6rdians\u00e6ttelse hj\u00e6lper dig med at forst\u00e5 v\u00e6rdien og potentialet i den valgte virksomhed. Dette er nyttigt ved flere lejligheder, for eksempel i \u00e6ndringer af ejerskab, partnerskaber og finansieringsmulighedsovervejelser. Hvis du vil l\u00e6re mere om virksomhedens v\u00e6rdians\u00e6ttelse, kan du bes\u00f8ge <a href=\"https:\/\/company-valuation.com\/what-is-valuation\/\" target=\"_blank\" rel=\"noreferrer noopener\">hvad er v\u00e6rdians\u00e6ttelse<\/a> siden.<\/p>\n\n\n\n<p data-block-type=\"core\">Ud over vurderingsrapporten leverer vi ogs\u00e5 en online platform, der er en brugervenlig gr\u00e6nseflade til at se og \u00e6ndre virksomheders \u00f8konomiske data. Det er ogs\u00e5 muligt at \u00e6ndre disse prognoser manuelt for at se, hvordan forskellige scenarier vil p\u00e5virke virksomhedens v\u00e6rdians\u00e6ttelse.<\/p>\n\n\n\n<p data-block-type=\"core\">Vi tilbyder en freemium-model til salg af vores rapporter. Du f\u00e5r adgang til online-platformen og v\u00e6lger tre virksomheder hver m\u00e5ned, efter at du tilmelder dig systemet. Fra de valgte virksomheder f\u00e5r du b\u00e5de kreditrisiko- og v\u00e6rdians\u00e6ttelsesrapporter. Herefter kan du nemt opgradere dit abonnement for at f\u00e5 flere rapporter hver m\u00e5ned eller alternativt k\u00f8be individuelle rapporter. Du kan l\u00e6se mere om vores priser fra&nbsp;<a href=\"https:\/\/creditreports.dk\/da\/pricing\/\">prissiden<\/a>.<\/p>\n\n\n\n<p data-block-type=\"core\">I \u00f8jeblikket er CreditReports.dk i en beta-fase, hvor vi tilbyder fuld adgang til systemet gratis. Tilmeld dig nu og begynd at tage bedre forretningsbeslutninger.<\/p>\n<\/div>\n\n\n\n<div class=\"wp-block-column is-layout-flow wp-block-column-is-layout-flow\" data-block-type=\"core\">\n<div class=\"alignfull wp-block-ugb-icon-list ugb-icon-list ugb-6a4b470 ugb-icon-list--v2 ugb-icon--icon-check ugb-main-block ugb-main-block--inner-full ugb--has-block-background\" id=\"\"><div class=\"ugb-inner-block\"><h3 class=\"ugb-block-title\">Hvilke oplysninger tilbyder rapporten?<\/h3><div class=\"ugb-block-content\"><ul><li>Automatisk genererede estimater og v\u00e6rdians\u00e6ttelsesrapporter<\/li><li>Brugervenlige v\u00e6rkt\u00f8jer til analyse og \u00e6ndring af dine egne scenarier<\/li><li>Bredt udvalg af v\u00e6rdians\u00e6ttelsesmetoder<\/li><li>Sammenligninger og data med over 300.000 danske virksomheder fra Danmarks centrale virksomhedsregister<\/li><\/ul><\/div><\/div><\/div>\n<\/div>\n<\/div>\n\n\n\n<div class=\"wp-block-columns is-layout-flex wp-container-core-columns-is-layout-9d6595d7 wp-block-columns-is-layout-flex\" data-block-type=\"core\">\n<div class=\"wp-block-column is-layout-flow wp-block-column-is-layout-flow\" data-block-type=\"core\">\n<p data-block-type=\"core\"><\/p>\n<\/div>\n\n\n\n<div class=\"wp-block-column is-layout-flow wp-block-column-is-layout-flow\" data-block-type=\"core\"><\/div>\n<\/div>\n\n\n\n<div class=\"wp-block-columns is-layout-flex wp-container-core-columns-is-layout-9d6595d7 wp-block-columns-is-layout-flex\" data-block-type=\"core\">\n<div class=\"wp-block-column is-layout-flow wp-block-column-is-layout-flow\" style=\"flex-basis:50%\" data-block-type=\"core\">\n<figure class=\"wp-block-image size-large\" data-block-type=\"core\"><img fetchpriority=\"high\" decoding=\"async\" width=\"711\" height=\"1010\" src=\"https:\/\/creditreports.dk\/wp-content\/uploads\/sites\/9\/2020\/08\/valureport-summary.jpg\" alt=\"\" class=\"wp-image-1716\" srcset=\"https:\/\/creditreports.dk\/wp-content\/uploads\/sites\/9\/2020\/08\/valureport-summary.jpg 711w, https:\/\/creditreports.dk\/wp-content\/uploads\/sites\/9\/2020\/08\/valureport-summary-211x300.jpg 211w\" sizes=\"(max-width: 711px) 100vw, 711px\" \/><\/figure>\n<\/div>\n\n\n\n<div class=\"wp-block-column is-layout-flow wp-block-column-is-layout-flow\" style=\"flex-basis:50%\" data-block-type=\"core\">\n<figure class=\"wp-block-image size-large\" data-block-type=\"core\"><a href=\"https:\/\/creditreports.dk\/wp-content\/uploads\/sites\/9\/2020\/07\/new_report_page2-min-724x1024.png\"><img decoding=\"async\" width=\"712\" height=\"1007\" src=\"https:\/\/creditreports.dk\/wp-content\/uploads\/sites\/9\/2020\/08\/valureport-dcf.jpg\" alt=\"\" class=\"wp-image-1717\" srcset=\"https:\/\/creditreports.dk\/wp-content\/uploads\/sites\/9\/2020\/08\/valureport-dcf.jpg 712w, https:\/\/creditreports.dk\/wp-content\/uploads\/sites\/9\/2020\/08\/valureport-dcf-212x300.jpg 212w\" sizes=\"(max-width: 712px) 100vw, 712px\" \/><\/a><\/figure>\n<\/div>\n<\/div>\n\n\n\n<p data-block-type=\"core\">For at se, hvordan vores v\u00e6rdians\u00e6ttelsesrapport ser ud i detaljer, kan du se eksemplet p\u00e5 rapporten ved at klikke p\u00e5 knappen nedenfor. Du kan ogs\u00e5 pr\u00f8ve systemet selv med en demo-virksomhed og se, hvordan systemet fungerer. N\u00e5r du er overbevist om dine resultater, skal du tilmelde dig for at modtage dine gratis rapporter og begynde at bruge vores service.<\/p>\n\n\n\n<div class=\"wp-block-ugb-button ugb-button-wrapper ugb-6a0c18b ugb-button--design-fullwidth ugb-main-block\" id=\"\"><div class=\"ugb-inner-block\"><div class=\"ugb-block-content\"><div class=\"ugb-button-container\"><a class=\"ugb-button1 ugb-button ugb-button--size-medium\" href=\"https:\/\/creditanalysis.valuatum.com\/AspAndUserCreation.action?templateAspQueryKey=CreditAnalysis\" target=\"_blank\" rel=\"noopener noreferrer nofollow\"><span class=\"ugb-button--inner\">Tilmeld<\/span><\/a><\/div><div class=\"ugb-button-container\"><a class=\"ugb-button2 ugb-button ugb-button--size-medium\" href=\"https:\/\/creditreports.dk\/wp-content\/uploads\/sites\/9\/2020\/08\/valuation_report_demo.pdf\" target=\"_blank\" rel=\"noopener noreferrer nofollow\"><span class=\"ugb-button--inner\">Pr\u00f8verapport<\/span><\/a><\/div><div class=\"ugb-button-container\"><a class=\"ugb-button3 ugb-button ugb-button--size-medium\" href=\"https:\/\/platform.creditreports.dk\/QuickLogin.action?key=3917&amp;x=qweasd\" target=\"_blank\" rel=\"noopener noreferrer nofollow\"><span class=\"ugb-button--inner\">Pr\u00f8v systemet<\/span><\/a><\/div><\/div><\/div><\/div>\n\n\n\n<h2 class=\"wp-block-heading\" data-block-type=\"core\"><strong>S\u00e5dan fungerer dette v\u00e6rdians\u00e6ttelsesv\u00e6rkt\u00f8j<\/strong><\/h2>\n\n\n\n<p class=\"has-small-font-size\" data-block-type=\"core\">Video leveres af Valuatum, softwarefirmaet bag denne platform.<\/p>\n\n\n\n<div style=\"text-align: center;\"><iframe src=\"https:\/\/www.youtube.com\/embed\/RCqo-1ph-Gs\" width=\"560\" height=\"315\" frameborder=\"0\" allowfullscreen=\"allowfullscreen\"><\/iframe><\/div>\n<\/div><\/div><\/div><\/div><\/div><\/div>\n<style class=\"advgb-styles-renderer\">.ugb-81b09e3 .ugb-header__title{font-family:\"Poppins\",Sans-serif !important;font-size:56px;font-weight:500;letter-spacing:0.5px;text-align:left !important}.ugb-81b09e3 .ugb-inner-block{text-align:left}.ugb-81b09e3.ugb-header{justify-content:flex-start;background-color:#ffffff;background-image:url(https:\/\/d3gt1urn7320t9.cloudfront.net\/library\/block-cta-elevate-call-to-action\/block-background-background-media-url.jpg)}.ugb-81b09e3.ugb-header > .ugb-inner-block{width:650px !important;min-width:auto !important}.ugb-81b09e3.ugb-header:before{background-color:#ffffff;opacity:0.9}@media screen and (max-width:768px){.ugb-81b09e3.ugb-header{min-height:50vh !important}}.ugb-6011e3b-wrapper.ugb-container__wrapper{border-radius:0px !important;background-color:rgba(255,255,255,1) !important}.ugb-6011e3b-wrapper > .ugb-container__side{align-items:center !important}.ugb-6011e3b-content-wrapper.ugb-container__content-wrapper{width:65% !important}.ugb-6011e3b.ugb-container{background-color:rgba(255,255,255,1)}@media screen and (max-width:768px){.ugb-6011e3b-content-wrapper.ugb-container__content-wrapper{width:100% !important}.ugb-6011e3b.ugb-container{margin-top:0px !important;margin-bottom:0px !important;padding-top:0px !important;padding-right:0px !important;padding-bottom:0px !important;padding-left:0px !important}}.ugb-6a4b470 li{--icon-size:32px;margin-bottom:16px !important}.ugb-6a4b470 li::before{height:32px !important;width:32px !important;background-image:url('data:image\/svg+xml;base64,PHN2ZyB2aWV3Qm94PSIwIDAgMTk0IDE5NCIgeG1sbnM9Imh0dHA6Ly93d3cudzMub3JnLzIwMDAvc3ZnIiBzdHlsZT0iZmlsbDojMDY5M2UzIj48cGF0aCBkPSJNOTYuOSAyYy01Mi40IDAtOTUgNDIuNi05NSA5NXM0Mi42IDk1IDk1IDk1IDk1LTQyLjYgOTUtOTUtNDIuNi05NS05NS05NXpNNzYuNiAxNDQuN2wtMzYuNS0zNi41IDEwLjYtMTAuNiAyNS45IDI1LjkgNjguOC02OC44TDE1NiA2NS4zbC03OS40IDc5LjR6Ij48L3BhdGg+PC9zdmc+')}.ugb-6a4b470 li ul{margin-bottom:16px !important}.ugb-6a4b470.ugb-icon-list ul{columns:1}.ugb-6a4b470 .ugb-inner-block{text-align:left}.ugb-6a4b470.ugb-icon-list{margin-top:40px !important;padding-top:25px !important;padding-bottom:25px !important;background-color:#eeeeee}.ugb-6a4b470.ugb-icon-list:before{background-color:#eeeeee}.ugb-6a4b470 .ugb-block-title{font-weight:bold;margin-bottom:25px}@media screen and (max-width:768px){.ugb-6a4b470.ugb-icon-list ul{columns:1 !important}.ugb-6a4b470.ugb-icon-list > .ugb-inner-block{width:100% !important}}.ugb-6a0c18b .ugb-button1 .ugb-button--inner{font-size:20px}.ugb-6a0c18b .ugb-button1{background-color:#0693e3;padding-top:9px;padding-right:28px;padding-bottom:9px;padding-left:28px;border-radius:10px !important}.ugb-6a0c18b .ugb-button1 .ugb-button--inner,.ugb-6a0c18b .ugb-button1 svg{color:#eeeeee !important}.ugb-6a0c18b .ugb-button1:before{border-radius:10px !important}.ugb-6a0c18b .ugb-button2 .ugb-button--inner{font-size:20px}.ugb-6a0c18b .ugb-button2{background-color:#0693e3;padding-top:9px;padding-right:28px;padding-bottom:9px;padding-left:28px;border-radius:10px !important}.ugb-6a0c18b .ugb-button2 .ugb-button--inner,.ugb-6a0c18b .ugb-button2 svg{color:#eeeeee !important}.ugb-6a0c18b .ugb-button2:before{border-radius:10px !important}.ugb-6a0c18b .ugb-button3 .ugb-button--inner{font-size:20px}.ugb-6a0c18b .ugb-button3{padding-top:9px;padding-right:28px;padding-bottom:9px;padding-left:28px;border-radius:10px !important}.ugb-6a0c18b .ugb-button3:before{border-radius:10px !important}.ugb-6a0c18b.ugb-button-wrapper > .ugb-inner-block{width:600px !important}<\/style>","protected":false},"excerpt":{"rendered":"<p>COMPANY VALUATION TOOL Company valuation tool provides you a reliable estimate for the value of a company. As in our credit reports, the valuation report can be generated by either using automatically generated estimates or user-modified scenarios. Features Company valuation tool helps you to understand the value and potential of selected business. This is useful in multiple occasions, for example in ownership changes, partnerships and funding opportunity considerations. If you would like to learn more about company valuation, please visit&hellip;<\/p>","protected":false},"author":1,"featured_media":0,"parent":15,"menu_order":0,"comment_status":"closed","ping_status":"closed","template":"","meta":{"om_disable_all_campaigns":false,"advgb_blocks_editor_width":"","advgb_blocks_columns_visual_guide":"","_monsterinsights_skip_tracking":false,"_monsterinsights_sitenote_active":false,"_monsterinsights_sitenote_note":"","_monsterinsights_sitenote_category":0,"footnotes":""},"class_list":["post-1586","page","type-page","status-publish","hentry"],"aioseo_notices":[],"featured_image_urls_v2":{"full":"","thumbnail":"","medium":"","medium_large":"","large":"","1536x1536":"","2048x2048":"","trp-custom-language-flag":"","portfolio":""},"post_excerpt_stackable_v2":"<p>COMPANY VALUATION TOOLCompany valuation tool provides you a reliable estimate for the value of a company. As in our credit reports, the valuation report can be generated by either using automatically generated estimates or user-modified scenarios. Features Company valuation tool helps you to understand the value and potential of selected business. This is useful in multiple occasions, for example in ownership changes, partnerships and funding opportunity considerations. If you would like to learn more about company valuation, please visit what is valuation page. In addition to the Valuation Report, we also provide an online platform which is an easy-to-use interface&hellip;<\/p>\n","category_list_v2":"","author_info_v2":{"name":"valuatum","url":"https:\/\/creditreports.dk\/da\/author\/valuatum\/"},"comments_num_v2":"0 comments","coauthors":[],"author_meta":{"author_link":"https:\/\/creditreports.dk\/da\/author\/valuatum\/","display_name":"valuatum"},"relative_dates":{"created":"Udgivet 6 \u00e5r siden","modified":"Opdateret 5 \u00e5r siden"},"absolute_dates":{"created":"Udgivet august 18, 2020","modified":"Opdateret september 16, 2021"},"absolute_dates_time":{"created":"Udgivet august 18, 2020 9:32 am","modified":"Opdateret september 16, 2021 11:44 am"},"featured_img_caption":"","featured_img":false,"series_order":"","_links":{"self":[{"href":"https:\/\/creditreports.dk\/da\/wp-json\/wp\/v2\/pages\/1586","targetHints":{"allow":["GET"]}}],"collection":[{"href":"https:\/\/creditreports.dk\/da\/wp-json\/wp\/v2\/pages"}],"about":[{"href":"https:\/\/creditreports.dk\/da\/wp-json\/wp\/v2\/types\/page"}],"author":[{"embeddable":true,"href":"https:\/\/creditreports.dk\/da\/wp-json\/wp\/v2\/users\/1"}],"replies":[{"embeddable":true,"href":"https:\/\/creditreports.dk\/da\/wp-json\/wp\/v2\/comments?post=1586"}],"version-history":[{"count":9,"href":"https:\/\/creditreports.dk\/da\/wp-json\/wp\/v2\/pages\/1586\/revisions"}],"predecessor-version":[{"id":2014,"href":"https:\/\/creditreports.dk\/da\/wp-json\/wp\/v2\/pages\/1586\/revisions\/2014"}],"up":[{"embeddable":true,"href":"https:\/\/creditreports.dk\/da\/wp-json\/wp\/v2\/pages\/15"}],"wp:attachment":[{"href":"https:\/\/creditreports.dk\/da\/wp-json\/wp\/v2\/media?parent=1586"}],"curies":[{"name":"wp","href":"https:\/\/api.w.org\/{rel}","templated":true}]}}