{"id":1042,"date":"2020-06-30T10:13:29","date_gmt":"2020-06-30T07:13:29","guid":{"rendered":"http:\/\/cr.valuatum.com\/?page_id=1042"},"modified":"2020-08-05T10:38:01","modified_gmt":"2020-08-05T07:38:01","slug":"privacy-policy","status":"publish","type":"page","link":"https:\/\/creditreports.dk\/da\/privacy-policy\/","title":{"rendered":"Fortrolighedspolitik"},"content":{"rendered":"<p data-block-type=\"core\"><strong>Valuatum Fortrolighedspolitik<\/strong><\/p>\n\n\n\n<p data-block-type=\"core\"><span style=\"color: #ff6900;\" class=\"ugb-highlight\"><a href=\"https:\/\/creditreports.dk\/da\/\">https:\/\/www.creditreports.dk<\/a><\/span> er et Valuatum Oy-websted. Denne fortrolighedspolitik forklarer, hvordan vi bruger de personlige data, vi indsamler, n\u00e5r du bruger dette websted.<\/p>\n\n\n\n<p data-block-type=\"core\"><strong>Emner:<\/strong><\/p>\n\n\n\n<ul class=\"wp-block-list\" data-block-type=\"core\"><li>Hvilke data indsamler vi?<\/li><li>Hvordan indsamler vi dine data?<\/li><li>Hvordan bruger vi dine data?<\/li><li>Hvordan gemmer vi dine data?<\/li><li>Marketing<\/li><li>Hvad er dine databeskyttelsesrettigheder?<\/li><li>Hvad er cookies?<\/li><li>Hvordan bruger vi cookies?<\/li><li>Google Analytics<\/li><li>Hvilke typer cookies bruger vi?<\/li><li>S\u00e5dan administreres dine cookies<\/li><li>Andre websteds fortrolighedspolitik<\/li><li>\u00c6ndringer i vores fortrolighedspolitik<\/li><li>S\u00e5dan kontakter du os<\/li><\/ul>\n\n\n\n<p data-block-type=\"core\"><strong>Hvilke data indsamler vi?<\/strong><\/p>\n\n\n\n<ul class=\"wp-block-list\" data-block-type=\"core\"><li>Data vedr\u00f8rende din adf\u00e6rd p\u00e5 vores websted<\/li><li>Placeringsdata<\/li><\/ul>\n\n\n\n<p data-block-type=\"core\"><strong>Hvordan indsamler vi dine data?<\/strong><\/p>\n\n\n\n<p data-block-type=\"core\">Du giver de fleste af de data, vi indsamler, direkte til vores firma. Vi indsamler data og behandler data, n\u00e5r du:<\/p>\n\n\n\n<ul class=\"wp-block-list\" data-block-type=\"core\"><li>Bruger eller ser vores hjemmeside<\/li><\/ul>\n\n\n\n<p data-block-type=\"core\"><strong>Hvordan bruger vi dine data?<\/strong><\/p>\n\n\n\n<p data-block-type=\"core\">Vores firma indsamler dine data, s\u00e5 vi kan:<\/p>\n\n\n\n<ul class=\"wp-block-list\" data-block-type=\"core\"><li>Analyser trafikken p\u00e5 vores hjemmeside.<\/li><\/ul>\n\n\n\n<p data-block-type=\"core\">Vi deler ikke dine data med eksterne parter.<\/p>\n\n\n\n<p data-block-type=\"core\"><strong>Hvordan gemmer vi dine data?<\/strong><\/p>\n\n\n\n<p data-block-type=\"core\">Al data indsamles automatisk af Google Analytics og gemmes p\u00e5 Googles servere. Se deres <a rel=\"noreferrer noopener\" href=\"https:\/\/marketingplatform.google.com\/about\/analytics\/terms\/us\/\" target=\"_blank\">Servicevilk\u00e5r<\/a>.<\/p>\n\n\n\n<p data-block-type=\"core\">Data gemmes for tiden.<\/p>\n\n\n\n<p data-block-type=\"core\"><strong>Marketing<\/strong><\/p>\n\n\n\n<p data-block-type=\"core\">Vi sender dig ingen marketing-e-mails og deler ikke dine data med nogen tredje part til markedsf\u00f8ringsform\u00e5l.<\/p>\n\n\n\n<p data-block-type=\"core\"><strong>Hvad er dine databeskyttelsesrettigheder?<\/strong><\/p>\n\n\n\n<p data-block-type=\"core\">Valuatum vil gerne sikre, at du er fuldt ud opm\u00e6rksom p\u00e5 alle dine databeskyttelsesrettigheder. Hver bruger har ret til f\u00f8lgende:<\/p>\n\n\n\n<p data-block-type=\"core\"><strong>Retten til adgang<\/strong>&nbsp;- Du har ret til at anmode om kopier af dine personlige data. Vi opkr\u00e6ver muligvis et mindre gebyr for denne service.<\/p>\n\n\n\n<p data-block-type=\"core\"><strong>Retten til berigtigelse<\/strong>&nbsp;- Du har ret til at anmode om, at vi retter alle oplysninger, som du mener er un\u00f8jagtige. Du har ogs\u00e5 ret til at anmode os om at udfylde de oplysninger, du mener er ufuldst\u00e6ndige.<\/p>\n\n\n\n<p data-block-type=\"core\"><strong>Retten til sletning<\/strong>&nbsp;- Du har ret til at anmode om, at Valuatum sletter dine personlige data under visse betingelser.<\/p>\n\n\n\n<p data-block-type=\"core\"><strong>Retten til at begr\u00e6nse behandlingen<\/strong>&nbsp;- Du har ret til at anmode om, at Valuatum begr\u00e6nser behandlingen af dine personoplysninger p\u00e5 visse betingelser.<\/p>\n\n\n\n<p data-block-type=\"core\"><strong>Retten til at g\u00f8re indsigelse mod behandlingen<\/strong>&nbsp;- Du har ret til at g\u00f8re indsigelse mod Valuatums behandling af dine personlige data under visse betingelser.<\/p>\n\n\n\n<p data-block-type=\"core\"><strong>Retten til dataportabilitet<\/strong>&nbsp;- Du har ret til at anmode om, at Valuatum overf\u00f8rer de data, som vi har indsamlet til en anden organisation eller direkte til dig, p\u00e5 visse betingelser.<\/p>\n\n\n\n<p data-block-type=\"core\">Hvis du frems\u00e6tter en anmodning, har vi en m\u00e5ned til at svare dig. Hvis du \u00f8nsker at ud\u00f8ve nogen af disse rettigheder, bedes du kontakte os p\u00e5 vores e-mail: contact@creditreports.dk<\/p>\n\n\n\n<p data-block-type=\"core\">Eller skriv til os: Linnanrakentajantie 6, 00810 Helsinki, Finland<\/p>\n\n\n\n<p data-block-type=\"core\"><strong>Cookies<\/strong><\/p>\n\n\n\n<p data-block-type=\"core\">Cookies er tekstfiler placeret p\u00e5 din computer for at indsamle standard oplysninger om internetlog og oplysninger om bes\u00f8g. N\u00e5r du bes\u00f8ger vores websteder, indsamler vi muligvis automatisk oplysninger fra dig via cookies eller lignende teknologi.<\/p>\n\n\n\n<p data-block-type=\"core\">For yderligere information, bes\u00f8g <a href=\"https:\/\/www.allaboutcookies.org\/\" target=\"_blank\" rel=\"noreferrer noopener\">allaboutcookies.org<\/a>.<\/p>\n\n\n\n<p data-block-type=\"core\"><strong>Hvordan bruger vi cookies?<\/strong><\/p>\n\n\n\n<p data-block-type=\"core\">Valuatum bruger cookies p\u00e5 nogle m\u00e5der for at forbedre din oplevelse p\u00e5 vores hjemmeside, herunder:<\/p>\n\n\n\n<ul class=\"wp-block-list\" data-block-type=\"core\"><li>Forst\u00e5else for, hvordan du bruger vores hjemmeside<\/li><\/ul>\n\n\n\n<p data-block-type=\"core\"><strong>Google Analytics<\/strong><\/p>\n\n\n\n<p data-block-type=\"core\">Vi bruger Google Analytics, som er en tredjepartsleverand\u00f8r til at spore brugernes adf\u00e6rd p\u00e5 vores websteder. Google Analytics bruger cookies for at vi kan spore og analysere trafikken p\u00e5 webstederne. Ved at bruge vores sider giver du dit samtykke til indsamling og brug af dine oplysninger af denne tredjepartsleverand\u00f8r. Du opfordres til at gennemg\u00e5 deres fortrolighedspolitik og kontakte dem direkte for svar p\u00e5 dine sp\u00f8rgsm\u00e5l. Vi overf\u00f8rer ikke dine personlige oplysninger til Google Analytics.<\/p>\n\n\n\n<p data-block-type=\"core\"><strong>Hvilke typer cookies bruger vi?<\/strong><\/p>\n\n\n\n<p data-block-type=\"core\">Hjemmesiden bruger cookies til:<\/p>\n\n\n\n<ul class=\"wp-block-list\" data-block-type=\"core\"><li>Funktionalitet - Vores firma bruger disse cookies, s\u00e5 vi genkender dig p\u00e5 vores websted og husker dine tidligere valgte pr\u00e6ferencer. Disse kan omfatte, hvilket sprog du foretr\u00e6kker, og hvor du befinder dig. Der bruges en blanding af f\u00f8rsteparts- og tredjepartscookies.<\/li><li>Analytics - Vores firma bruger disse cookies til at indsamle oplysninger om din brug af vores hjemmeside. For eksempel viser analysecookies os de mest bes\u00f8gte sider p\u00e5 vores websted og de lande, de fleste af vores brugere befinder sig i<\/li><\/ul>\n\n\n\n<p data-block-type=\"core\"><strong>S\u00e5dan administreres cookies<\/strong><\/p>\n\n\n\n<p data-block-type=\"core\">Du kan indstille din browser til ikke at acceptere cookies, og ovenst\u00e5ende websted fort\u00e6ller dig, hvordan du fjerner cookies fra din browser. I nogle f\u00e5 tilf\u00e6lde fungerer nogle af vores webstedsfunktioner muligvis ikke som et resultat heraf.<\/p>\n\n\n\n<p data-block-type=\"core\">Du kan tr\u00e6kke dit samtykke tilbage ved at klikke p\u00e5 nedenst\u00e5ende link.<\/p>\n\n\n<p data-block-type=\"core\"><a role='button' tabindex='0' class=\"cli_settings_button\" style=\"margin:10px;\" >Cookieindstillinger<\/a>\n\n\n\n<p data-block-type=\"core\"><\/p>\n\n\n\n<p data-block-type=\"core\"><strong>Andre websteds fortrolighedspolitik<\/strong><\/p>\n\n\n\n<p data-block-type=\"core\">De websteder, der opretholdes af Valuatum, kan indeholde links til andre websteder. Vores fortrolighedspolitik g\u00e6lder kun for vores websteder, s\u00e5 hvis du klikker p\u00e5 et link til et andet websted, skal du l\u00e6se deres fortrolighedspolitik.<\/p>\n\n\n\n<p data-block-type=\"core\"><strong>\u00c6ndringer i vores fortrolighedspolitik<\/strong><\/p>\n\n\n\n<p data-block-type=\"core\">Valuatum gennemg\u00e5r regelm\u00e6ssigt sin fortrolighedspolitik og placerer eventuelle opdateringer p\u00e5 denne webside. Denne fortrolighedspolitik blev sidst opdateret den 30. juni 2020.<\/p>\n\n\n\n<p data-block-type=\"core\"><strong>S\u00e5dan kontakter du os<\/strong><\/p>\n\n\n\n<p data-block-type=\"core\">Hvis du har sp\u00f8rgsm\u00e5l om vores fortrolighedspolitik, de data, vi har om dig, eller hvis du vil ud\u00f8ve en af dine databeskyttelsesrettigheder, s\u00e5 t\u00f8v ikke med at kontakte os.<\/p>\n\n\n\n<p data-block-type=\"core\">E-mail os p\u00e5: contact@creditreports.dk<\/p>\n\n\n\n<p data-block-type=\"core\">Eller skriv til os: Linnanrakentajantie 6, 00810 Helsinki, Finland<\/p>\n\n\n\n<p data-block-type=\"core\"><\/p>","protected":false},"excerpt":{"rendered":"<p>Valuatum Privacy Policy https:\/\/www.creditreports.dk is a Valuatum Oy website. This privacy policy will explain how we use the personal data we collect from you when you use this website. Topics: What data do we collect? How do we collect your data? How will we use your data? How do we store your data? Marketing What are your data protection rights? What are cookies? How do we use cookies? Google Analytics What types of cookies do we use? How to manage&hellip;<\/p>","protected":false},"author":1,"featured_media":0,"parent":0,"menu_order":0,"comment_status":"closed","ping_status":"closed","template":"","meta":{"om_disable_all_campaigns":false,"advgb_blocks_editor_width":"","advgb_blocks_columns_visual_guide":"","_monsterinsights_skip_tracking":false,"_monsterinsights_sitenote_active":false,"_monsterinsights_sitenote_note":"","_monsterinsights_sitenote_category":0,"footnotes":""},"class_list":["post-1042","page","type-page","status-publish","hentry"],"aioseo_notices":[],"featured_image_urls_v2":{"full":"","thumbnail":"","medium":"","medium_large":"","large":"","1536x1536":"","2048x2048":"","trp-custom-language-flag":"","portfolio":""},"post_excerpt_stackable_v2":"<p>Valuatum Privacy Policy https:\/\/www.creditreports.dk is a Valuatum Oy website. This privacy policy will explain how we use the personal data we collect from you when you use this website. Topics: What data do we collect?How do we collect your data?How will we use your data?How do we store your data?MarketingWhat are your data protection rights?What are cookies?How do we use cookies?Google AnalyticsWhat types of cookies do we use?How to manage your cookiesPrivacy policies of other websitesChanges to our privacy policyHow to contact us What data do we collect? Data regarding your behavior on our websiteLocation data How do we collect&hellip;<\/p>\n","category_list_v2":"","author_info_v2":{"name":"valuatum","url":"https:\/\/creditreports.dk\/da\/author\/valuatum\/"},"comments_num_v2":"0 comments","coauthors":[],"author_meta":{"author_link":"https:\/\/creditreports.dk\/da\/author\/valuatum\/","display_name":"valuatum"},"relative_dates":{"created":"Udgivet 6 \u00e5r siden","modified":"Opdateret 6 \u00e5r siden"},"absolute_dates":{"created":"Udgivet juni 30, 2020","modified":"Opdateret august 5, 2020"},"absolute_dates_time":{"created":"Udgivet juni 30, 2020 10:13 am","modified":"Opdateret august 5, 2020 10:38 am"},"featured_img_caption":"","featured_img":false,"series_order":"","_links":{"self":[{"href":"https:\/\/creditreports.dk\/da\/wp-json\/wp\/v2\/pages\/1042","targetHints":{"allow":["GET"]}}],"collection":[{"href":"https:\/\/creditreports.dk\/da\/wp-json\/wp\/v2\/pages"}],"about":[{"href":"https:\/\/creditreports.dk\/da\/wp-json\/wp\/v2\/types\/page"}],"author":[{"embeddable":true,"href":"https:\/\/creditreports.dk\/da\/wp-json\/wp\/v2\/users\/1"}],"replies":[{"embeddable":true,"href":"https:\/\/creditreports.dk\/da\/wp-json\/wp\/v2\/comments?post=1042"}],"version-history":[{"count":4,"href":"https:\/\/creditreports.dk\/da\/wp-json\/wp\/v2\/pages\/1042\/revisions"}],"predecessor-version":[{"id":1411,"href":"https:\/\/creditreports.dk\/da\/wp-json\/wp\/v2\/pages\/1042\/revisions\/1411"}],"wp:attachment":[{"href":"https:\/\/creditreports.dk\/da\/wp-json\/wp\/v2\/media?parent=1042"}],"curies":[{"name":"wp","href":"https:\/\/api.w.org\/{rel}","templated":true}]}}